{"id":998,"date":"2025-12-01T16:02:19","date_gmt":"2025-12-01T15:02:19","guid":{"rendered":"https:\/\/petrchutny.cz\/?page_id=998"},"modified":"2025-12-04T15:48:16","modified_gmt":"2025-12-04T14:48:16","slug":"hula-hajek","status":"publish","type":"page","link":"https:\/\/petrchutny.cz\/en\/hula-hajek\/","title":{"rendered":"H\u016fla H\u00e1jek"},"content":{"rendered":"<p>Anton\u00edn H\u016fla a Jan H\u00e1jek jsou talentovan\u00ed architekti, a taky m\u00ed p\u0159\u00e1tel\u00e9. Byla tedy radost pro n\u011b tvo\u0159it web a dotvo\u0159it jim vizu\u00e1ln\u00ed identitu. Zejm\u00e9na proto, \u017ee jsou sami velmi vizu\u00e1ln\u011b a esteticky tvo\u0159iv\u00ed, a v\u011bd\u011bli co cht\u011bj\u00ed.<\/p>\n\n\n\n<p>Hotovou webovou prezentaci si prohl\u00eddn\u011bte <a href=\"http:\/\/hulahajek.cz\" target=\"_blank\" rel=\"noopener noreferrer nofollow\">ide\u00e1ln\u011b na\u017eivo<\/a>.<\/p>\n\n\n\n<figure class=\"wp-block-kadence-image kb-image998_823ffa-56 size-full\"><a href=\"https:\/\/petrchutny.cz\/wp-content\/uploads\/2025\/12\/Hula-Hajek-Logo.jpg\" class=\"kb-advanced-image-link\" data-lbwps-width=\"1000\" data-lbwps-height=\"688\" data-lbwps-srcsmall=\"https:\/\/petrchutny.cz\/wp-content\/uploads\/2025\/12\/Hula-Hajek-Logo-18x12.jpg\"><img decoding=\"async\" width=\"1000\" height=\"688\" data-src=\"https:\/\/petrchutny.cz\/wp-content\/uploads\/2025\/12\/Hula-Hajek-Logo.jpg\" alt=\"\" class=\"kb-img wp-image-1000 lazyload\" data-srcset=\"https:\/\/petrchutny.cz\/wp-content\/uploads\/2025\/12\/Hula-Hajek-Logo.jpg 1000w, https:\/\/petrchutny.cz\/wp-content\/uploads\/2025\/12\/Hula-Hajek-Logo-300x206.jpg 300w, https:\/\/petrchutny.cz\/wp-content\/uploads\/2025\/12\/Hula-Hajek-Logo-768x528.jpg 768w, https:\/\/petrchutny.cz\/wp-content\/uploads\/2025\/12\/Hula-Hajek-Logo-18x12.jpg 18w\" data-sizes=\"(max-width: 1000px) 100vw, 1000px\" src=\"data:image\/svg+xml;base64,PHN2ZyB3aWR0aD0iMSIgaGVpZ2h0PSIxIiB4bWxucz0iaHR0cDovL3d3dy53My5vcmcvMjAwMC9zdmciPjwvc3ZnPg==\" style=\"--smush-placeholder-width: 1000px; --smush-placeholder-aspect-ratio: 1000\/688;\" \/><\/a><figcaption>Fin\u00e1ln\u00ed logo<\/figcaption><\/figure>\n\n\n\n<p>Fin\u00e1lno logo je veskrze jednoduch\u00e9, co\u017e mi velmi lad\u00ed s n\u00e1turou t\u011bchto architekt\u016f. Jak je vid\u011bt ve ske\u010dov\u00e1n\u00ed, n\u00e1pad\u016f bylo prozkoum\u00e1no v\u00edce, ale v jednoduchosti je s\u00edla \ud83d\udcaa.<\/p>\n\n\n\n<figure class=\"wp-block-kadence-image kb-image998_722202-37 size-large\"><a href=\"https:\/\/petrchutny.cz\/wp-content\/uploads\/2025\/11\/Skece-loga-1.png\" class=\"kb-advanced-image-link\" data-lbwps-width=\"1462\" data-lbwps-height=\"1622\" data-lbwps-srcsmall=\"https:\/\/petrchutny.cz\/wp-content\/uploads\/2025\/11\/Skece-loga-1-11x12.png\"><img decoding=\"async\" width=\"923\" height=\"1024\" data-src=\"https:\/\/petrchutny.cz\/wp-content\/uploads\/2025\/11\/Skece-loga-1-923x1024.png\" alt=\"\" class=\"kb-img wp-image-947 lazyload\" data-srcset=\"https:\/\/petrchutny.cz\/wp-content\/uploads\/2025\/11\/Skece-loga-1-923x1024.png 923w, https:\/\/petrchutny.cz\/wp-content\/uploads\/2025\/11\/Skece-loga-1-270x300.png 270w, https:\/\/petrchutny.cz\/wp-content\/uploads\/2025\/11\/Skece-loga-1-768x852.png 768w, https:\/\/petrchutny.cz\/wp-content\/uploads\/2025\/11\/Skece-loga-1-1384x1536.png 1384w, https:\/\/petrchutny.cz\/wp-content\/uploads\/2025\/11\/Skece-loga-1-11x12.png 11w, https:\/\/petrchutny.cz\/wp-content\/uploads\/2025\/11\/Skece-loga-1.png 1462w\" data-sizes=\"(max-width: 923px) 100vw, 923px\" src=\"data:image\/svg+xml;base64,PHN2ZyB3aWR0aD0iMSIgaGVpZ2h0PSIxIiB4bWxucz0iaHR0cDovL3d3dy53My5vcmcvMjAwMC9zdmciPjwvc3ZnPg==\" style=\"--smush-placeholder-width: 923px; --smush-placeholder-aspect-ratio: 923\/1024;\" \/><\/a><figcaption>Ske\u010dov\u00e1n\u00ed loga pro H\u016fla H\u00e1jek<\/figcaption><\/figure>\n\n\n\n<p>Web jsem vytvo\u0159il na redak\u010dn\u00edm syst\u00e9mu WordPress, a nak\u00f3doval jsem jim \u0161ablonu na m\u00edru. Pln\u011b se p\u0159izp\u016fsobuje mobiln\u00edm za\u0159\u00edzen\u00edm, a je velmi jednoduch\u00e1 a t\u00edmp\u00e1dem i rychl\u00e1 \u26a1\ufe0f.<\/p>\n\n\n\n<figure class=\"wp-block-kadence-image kb-image998_8bb138-a6 size-large\"><a href=\"https:\/\/petrchutny.cz\/wp-content\/uploads\/2025\/12\/Hulahajek-homepage.png\" class=\"kb-advanced-image-link\" data-lbwps-width=\"2552\" data-lbwps-height=\"1775\" data-lbwps-srcsmall=\"https:\/\/petrchutny.cz\/wp-content\/uploads\/2025\/12\/Hulahajek-homepage-18x12.png\"><img decoding=\"async\" width=\"1024\" height=\"712\" data-src=\"https:\/\/petrchutny.cz\/wp-content\/uploads\/2025\/12\/Hulahajek-homepage-1024x712.png\" alt=\"\" class=\"kb-img wp-image-1003 lazyload\" data-srcset=\"https:\/\/petrchutny.cz\/wp-content\/uploads\/2025\/12\/Hulahajek-homepage-1024x712.png 1024w, https:\/\/petrchutny.cz\/wp-content\/uploads\/2025\/12\/Hulahajek-homepage-300x209.png 300w, https:\/\/petrchutny.cz\/wp-content\/uploads\/2025\/12\/Hulahajek-homepage-768x534.png 768w, https:\/\/petrchutny.cz\/wp-content\/uploads\/2025\/12\/Hulahajek-homepage-1536x1068.png 1536w, https:\/\/petrchutny.cz\/wp-content\/uploads\/2025\/12\/Hulahajek-homepage-2048x1424.png 2048w, https:\/\/petrchutny.cz\/wp-content\/uploads\/2025\/12\/Hulahajek-homepage-18x12.png 18w, https:\/\/petrchutny.cz\/wp-content\/uploads\/2025\/12\/Hulahajek-homepage-scaled.png 2000w\" data-sizes=\"(max-width: 1024px) 100vw, 1024px\" src=\"data:image\/svg+xml;base64,PHN2ZyB3aWR0aD0iMSIgaGVpZ2h0PSIxIiB4bWxucz0iaHR0cDovL3d3dy53My5vcmcvMjAwMC9zdmciPjwvc3ZnPg==\" style=\"--smush-placeholder-width: 1024px; --smush-placeholder-aspect-ratio: 1024\/712;\" \/><\/a><figcaption>Dom\u00e1c\u00ed str\u00e1nka webu s v\u00fdpisem projekt\u016f \u2013 na plnou nebo polovi\u010dn\u00ed \u0161\u00ed\u0159ku<\/figcaption><\/figure>\n\n\n\n<figure class=\"wp-block-kadence-image kb-image998_aa523a-6f size-large\"><a href=\"https:\/\/petrchutny.cz\/wp-content\/uploads\/2025\/12\/Web-info.png\" class=\"kb-advanced-image-link\" data-lbwps-width=\"2852\" data-lbwps-height=\"2484\" data-lbwps-srcsmall=\"https:\/\/petrchutny.cz\/wp-content\/uploads\/2025\/12\/Web-info.png\"><img decoding=\"async\" width=\"1024\" height=\"892\" data-src=\"https:\/\/petrchutny.cz\/wp-content\/uploads\/2025\/12\/Web-info-1024x892.png\" alt=\"\" class=\"kb-img wp-image-1004 lazyload\" data-srcset=\"https:\/\/petrchutny.cz\/wp-content\/uploads\/2025\/12\/Web-info-1024x892.png 1024w, https:\/\/petrchutny.cz\/wp-content\/uploads\/2025\/12\/Web-info-300x261.png 300w, https:\/\/petrchutny.cz\/wp-content\/uploads\/2025\/12\/Web-info-768x669.png 768w, https:\/\/petrchutny.cz\/wp-content\/uploads\/2025\/12\/Web-info-1536x1338.png 1536w, https:\/\/petrchutny.cz\/wp-content\/uploads\/2025\/12\/Web-info-2048x1784.png 2048w, https:\/\/petrchutny.cz\/wp-content\/uploads\/2025\/12\/Web-info-14x12.png 14w, https:\/\/petrchutny.cz\/wp-content\/uploads\/2025\/12\/Web-info-scaled.png 2000w\" data-sizes=\"(max-width: 1024px) 100vw, 1024px\" src=\"data:image\/svg+xml;base64,PHN2ZyB3aWR0aD0iMSIgaGVpZ2h0PSIxIiB4bWxucz0iaHR0cDovL3d3dy53My5vcmcvMjAwMC9zdmciPjwvc3ZnPg==\" style=\"--smush-placeholder-width: 1024px; --smush-placeholder-aspect-ratio: 1024\/892;\" \/><\/a><figcaption>Str\u00e1nka o Tondovi &amp; Janovi<\/figcaption><\/figure>\n\n\n\n<figure class=\"wp-block-kadence-image kb-image998_c22b3e-9b size-large\"><a href=\"https:\/\/petrchutny.cz\/wp-content\/uploads\/2025\/12\/CleanShot-2025-12-01-at-16.29.02@2x.png\" class=\"kb-advanced-image-link\" data-lbwps-width=\"2542\" data-lbwps-height=\"1754\" data-lbwps-srcsmall=\"https:\/\/petrchutny.cz\/wp-content\/uploads\/2025\/12\/CleanShot-2025-12-01-at-16.29.02@2x-18x12.png\"><img decoding=\"async\" width=\"1024\" height=\"707\" data-src=\"https:\/\/petrchutny.cz\/wp-content\/uploads\/2025\/12\/CleanShot-2025-12-01-at-16.29.02@2x-1024x707.png\" alt=\"\" class=\"kb-img wp-image-1005 lazyload\" data-srcset=\"https:\/\/petrchutny.cz\/wp-content\/uploads\/2025\/12\/CleanShot-2025-12-01-at-16.29.02@2x-1024x707.png 1024w, https:\/\/petrchutny.cz\/wp-content\/uploads\/2025\/12\/CleanShot-2025-12-01-at-16.29.02@2x-300x207.png 300w, https:\/\/petrchutny.cz\/wp-content\/uploads\/2025\/12\/CleanShot-2025-12-01-at-16.29.02@2x-768x530.png 768w, https:\/\/petrchutny.cz\/wp-content\/uploads\/2025\/12\/CleanShot-2025-12-01-at-16.29.02@2x-1536x1060.png 1536w, https:\/\/petrchutny.cz\/wp-content\/uploads\/2025\/12\/CleanShot-2025-12-01-at-16.29.02@2x-2048x1413.png 2048w, https:\/\/petrchutny.cz\/wp-content\/uploads\/2025\/12\/CleanShot-2025-12-01-at-16.29.02@2x-18x12.png 18w, https:\/\/petrchutny.cz\/wp-content\/uploads\/2025\/12\/CleanShot-2025-12-01-at-16.29.02@2x-scaled.png 2000w\" data-sizes=\"(max-width: 1024px) 100vw, 1024px\" src=\"data:image\/svg+xml;base64,PHN2ZyB3aWR0aD0iMSIgaGVpZ2h0PSIxIiB4bWxucz0iaHR0cDovL3d3dy53My5vcmcvMjAwMC9zdmciPjwvc3ZnPg==\" style=\"--smush-placeholder-width: 1024px; --smush-placeholder-aspect-ratio: 1024\/707;\" \/><\/a><figcaption>Detail projektu \u2022 Vpravo dole je mo\u017enost p\u0159ej\u00edt na dal\u0161\u00ed a p\u0159edchoz\u00ed projekt<\/figcaption><\/figure>\n\n\n\n<div class=\"wp-block-group is-content-justification-center is-nowrap is-layout-flex wp-container-core-group-is-layout-23441af8 wp-block-group-is-layout-flex\"><\/div>\n\n\n<div class=\"kb-row-layout-wrap kb-row-layout-id998_428c85-bc alignnone wp-block-kadence-rowlayout\"><div class=\"kt-row-column-wrap kt-has-2-columns kt-row-layout-equal kt-tab-layout-inherit kt-mobile-layout-row kt-row-valign-middle\">\n\n<div class=\"wp-block-kadence-column kadence-column998_fc9f78-0a\"><div class=\"kt-inside-inner-col\">\n<figure class=\"wp-block-kadence-image kb-image998_a853aa-25 size-large\"><a href=\"https:\/\/petrchutny.cz\/wp-content\/uploads\/2025\/12\/HH-1.jpg\" class=\"kb-advanced-image-link\" data-lbwps-width=\"1134\" data-lbwps-height=\"2038\" data-lbwps-srcsmall=\"https:\/\/petrchutny.cz\/wp-content\/uploads\/2025\/12\/HH-1-7x12.jpg\"><img decoding=\"async\" width=\"570\" height=\"1024\" data-src=\"https:\/\/petrchutny.cz\/wp-content\/uploads\/2025\/12\/HH-1-570x1024.jpg\" alt=\"\" class=\"kb-img wp-image-1006 lazyload\" data-srcset=\"https:\/\/petrchutny.cz\/wp-content\/uploads\/2025\/12\/HH-1-570x1024.jpg 570w, https:\/\/petrchutny.cz\/wp-content\/uploads\/2025\/12\/HH-1-167x300.jpg 167w, https:\/\/petrchutny.cz\/wp-content\/uploads\/2025\/12\/HH-1-768x1380.jpg 768w, https:\/\/petrchutny.cz\/wp-content\/uploads\/2025\/12\/HH-1-855x1536.jpg 855w, https:\/\/petrchutny.cz\/wp-content\/uploads\/2025\/12\/HH-1-7x12.jpg 7w, https:\/\/petrchutny.cz\/wp-content\/uploads\/2025\/12\/HH-1-scaled.jpg 1113w\" data-sizes=\"(max-width: 570px) 100vw, 570px\" src=\"data:image\/svg+xml;base64,PHN2ZyB3aWR0aD0iMSIgaGVpZ2h0PSIxIiB4bWxucz0iaHR0cDovL3d3dy53My5vcmcvMjAwMC9zdmciPjwvc3ZnPg==\" style=\"--smush-placeholder-width: 570px; --smush-placeholder-aspect-ratio: 570\/1024;\" \/><\/a><figcaption>Mobiln\u00ed homepage<\/figcaption><\/figure>\n<\/div><\/div>\n\n\n\n<div class=\"wp-block-kadence-column kadence-column998_4b4409-50\"><div class=\"kt-inside-inner-col\">\n<figure class=\"wp-block-kadence-image kb-image998_e48dd5-4a size-large\"><a href=\"https:\/\/petrchutny.cz\/wp-content\/uploads\/2025\/12\/HH-2.jpg\" class=\"kb-advanced-image-link\" data-lbwps-width=\"1134\" data-lbwps-height=\"2038\" data-lbwps-srcsmall=\"https:\/\/petrchutny.cz\/wp-content\/uploads\/2025\/12\/HH-2-7x12.jpg\"><img decoding=\"async\" width=\"570\" height=\"1024\" data-src=\"https:\/\/petrchutny.cz\/wp-content\/uploads\/2025\/12\/HH-2-570x1024.jpg\" alt=\"\" class=\"kb-img wp-image-1007 lazyload\" data-srcset=\"https:\/\/petrchutny.cz\/wp-content\/uploads\/2025\/12\/HH-2-570x1024.jpg 570w, https:\/\/petrchutny.cz\/wp-content\/uploads\/2025\/12\/HH-2-167x300.jpg 167w, https:\/\/petrchutny.cz\/wp-content\/uploads\/2025\/12\/HH-2-768x1380.jpg 768w, https:\/\/petrchutny.cz\/wp-content\/uploads\/2025\/12\/HH-2-855x1536.jpg 855w, https:\/\/petrchutny.cz\/wp-content\/uploads\/2025\/12\/HH-2-7x12.jpg 7w, https:\/\/petrchutny.cz\/wp-content\/uploads\/2025\/12\/HH-2-scaled.jpg 1113w\" data-sizes=\"(max-width: 570px) 100vw, 570px\" src=\"data:image\/svg+xml;base64,PHN2ZyB3aWR0aD0iMSIgaGVpZ2h0PSIxIiB4bWxucz0iaHR0cDovL3d3dy53My5vcmcvMjAwMC9zdmciPjwvc3ZnPg==\" style=\"--smush-placeholder-width: 570px; --smush-placeholder-aspect-ratio: 570\/1024;\" \/><\/a><figcaption>Mobiln\u00ed detail projektu<\/figcaption><\/figure>\n<\/div><\/div>\n\n<\/div><\/div>\n\n\n<p><\/p>","protected":false},"excerpt":{"rendered":"<p>Anton\u00edn H\u016fla a Jan H\u00e1jek jsou talentovan\u00ed architekti, a taky m\u00ed p\u0159\u00e1tel\u00e9. Byla tedy radost pro n\u011b tvo\u0159it web a dotvo\u0159it jim vizu\u00e1ln\u00ed identitu. Zejm\u00e9na proto, \u017ee jsou sami velmi vizu\u00e1ln\u011b a esteticky tvo\u0159iv\u00ed, a v\u011bd\u011bli co cht\u011bj\u00ed. Hotovou webovou prezentaci si prohl\u00eddn\u011bte ide\u00e1ln\u011b na\u017eivo. Fin\u00e1lno logo je veskrze jednoduch\u00e9, co\u017e mi velmi lad\u00ed s [&hellip;]<\/p>\n","protected":false},"author":1,"featured_media":1000,"parent":0,"menu_order":31,"comment_status":"closed","ping_status":"closed","template":"","meta":{"wds_primary_category":9,"footnotes":""},"categories":[13,9,15],"tags":[],"class_list":["post-998","page","type-page","status-publish","has-post-thumbnail","hentry","category-graficky-design","category-projekty","category-tvorba-webu"],"_links":{"self":[{"href":"https:\/\/petrchutny.cz\/en\/wp-json\/wp\/v2\/pages\/998","targetHints":{"allow":["GET"]}}],"collection":[{"href":"https:\/\/petrchutny.cz\/en\/wp-json\/wp\/v2\/pages"}],"about":[{"href":"https:\/\/petrchutny.cz\/en\/wp-json\/wp\/v2\/types\/page"}],"author":[{"embeddable":true,"href":"https:\/\/petrchutny.cz\/en\/wp-json\/wp\/v2\/users\/1"}],"replies":[{"embeddable":true,"href":"https:\/\/petrchutny.cz\/en\/wp-json\/wp\/v2\/comments?post=998"}],"version-history":[{"count":3,"href":"https:\/\/petrchutny.cz\/en\/wp-json\/wp\/v2\/pages\/998\/revisions"}],"predecessor-version":[{"id":1010,"href":"https:\/\/petrchutny.cz\/en\/wp-json\/wp\/v2\/pages\/998\/revisions\/1010"}],"wp:featuredmedia":[{"embeddable":true,"href":"https:\/\/petrchutny.cz\/en\/wp-json\/wp\/v2\/media\/1000"}],"wp:attachment":[{"href":"https:\/\/petrchutny.cz\/en\/wp-json\/wp\/v2\/media?parent=998"}],"wp:term":[{"taxonomy":"category","embeddable":true,"href":"https:\/\/petrchutny.cz\/en\/wp-json\/wp\/v2\/categories?post=998"},{"taxonomy":"post_tag","embeddable":true,"href":"https:\/\/petrchutny.cz\/en\/wp-json\/wp\/v2\/tags?post=998"}],"curies":[{"name":"wp","href":"https:\/\/api.w.org\/{rel}","templated":true}]}}