{"id":898,"date":"2025-11-08T11:59:39","date_gmt":"2025-11-08T10:59:39","guid":{"rendered":"https:\/\/petrchutny.cz\/?page_id=898"},"modified":"2026-01-06T11:56:00","modified_gmt":"2026-01-06T10:56:00","slug":"moje-prace","status":"publish","type":"page","link":"https:\/\/petrchutny.cz\/en\/moje-prace\/","title":{"rendered":"My work"},"content":{"rendered":"<h1 class=\"wp-block-heading has-text-align-center\">My work<\/h1>\n\n\n<div class=\"kb-gallery-wrap-id-898_085375-20 alignwide alignwide wp-block-kadence-advancedgallery\"><ul class=\"kb-gallery-ul kb-gallery-non-static kb-gallery-type-grid kb-gallery-id-898_085375-20 kb-gallery-caption-style-below kb-gallery-filter-none\" data-image-filter=\"none\" data-item-selector=\".kadence-blocks-gallery-item\" data-lightbox-caption=\"true\" data-columns-xxl=\"3\" data-columns-xl=\"3\" data-columns-md=\"3\" data-columns-sm=\"2\" data-columns-xs=\"1\" data-columns-ss=\"1\"><li class=\"kadence-blocks-gallery-item\"><div class=\"kadence-blocks-gallery-item-inner\"><figure class=\"kb-gallery-figure kb-gallery-item-has-link kadence-blocks-gallery-item-has-caption\"><a href=\"https:\/\/petrchutny.cz\/en\/tinkamo\/\" class=\"kb-gallery-item-link\"  ><div class=\"kb-gal-image-radius\"><div class=\"kb-gallery-image-contain kadence-blocks-gallery-intrinsic kb-gallery-image-ratio-land43 kb-has-image-ratio-land43\" ><img decoding=\"async\" data-src=\"https:\/\/petrchutny.cz\/wp-content\/uploads\/2025\/03\/Tinkamo-1024x801.png\" width=\"1024\" height=\"801\" alt=\"\" data-full-image=\"https:\/\/petrchutny.cz\/wp-content\/uploads\/2025\/03\/Tinkamo.png\" data-light-image=\"https:\/\/petrchutny.cz\/wp-content\/uploads\/2025\/03\/Tinkamo.png\" data-id=\"167\" class=\"wp-image-167 lazyload\" data-srcset=\"https:\/\/petrchutny.cz\/wp-content\/uploads\/2025\/03\/Tinkamo-1024x801.png 1024w, https:\/\/petrchutny.cz\/wp-content\/uploads\/2025\/03\/Tinkamo-300x235.png 300w, https:\/\/petrchutny.cz\/wp-content\/uploads\/2025\/03\/Tinkamo-768x601.png 768w, https:\/\/petrchutny.cz\/wp-content\/uploads\/2025\/03\/Tinkamo.png 1380w\" data-sizes=\"(max-width: 1024px) 100vw, 1024px\" src=\"data:image\/svg+xml;base64,PHN2ZyB3aWR0aD0iMSIgaGVpZ2h0PSIxIiB4bWxucz0iaHR0cDovL3d3dy53My5vcmcvMjAwMC9zdmciPjwvc3ZnPg==\" style=\"--smush-placeholder-width: 1024px; --smush-placeholder-aspect-ratio: 1024\/801;\" \/><\/div><\/div><div class=\"kadence-blocks-gallery-item__caption\">Tinkamo<\/div><\/a><\/figure><\/div><\/li><li class=\"kadence-blocks-gallery-item\"><div class=\"kadence-blocks-gallery-item-inner\"><figure class=\"kb-gallery-figure kb-gallery-item-has-link kadence-blocks-gallery-item-has-caption\"><a href=\"https:\/\/petrchutny.cz\/en\/chef\/\" class=\"kb-gallery-item-link\"  ><div class=\"kb-gal-image-radius\"><div class=\"kb-gallery-image-contain kadence-blocks-gallery-intrinsic kb-gallery-image-ratio-land43 kb-has-image-ratio-land43\" ><img decoding=\"async\" data-src=\"https:\/\/petrchutny.cz\/wp-content\/uploads\/2025\/03\/Chef.jpg\" width=\"700\" height=\"547\" alt=\"\" data-full-image=\"https:\/\/petrchutny.cz\/wp-content\/uploads\/2025\/03\/Chef.jpg\" data-light-image=\"https:\/\/petrchutny.cz\/wp-content\/uploads\/2025\/03\/Chef.jpg\" data-id=\"98\" class=\"wp-image-98 lazyload\" data-srcset=\"https:\/\/petrchutny.cz\/wp-content\/uploads\/2025\/03\/Chef.jpg 700w, https:\/\/petrchutny.cz\/wp-content\/uploads\/2025\/03\/Chef-300x234.jpg 300w\" data-sizes=\"(max-width: 700px) 100vw, 700px\" src=\"data:image\/svg+xml;base64,PHN2ZyB3aWR0aD0iMSIgaGVpZ2h0PSIxIiB4bWxucz0iaHR0cDovL3d3dy53My5vcmcvMjAwMC9zdmciPjwvc3ZnPg==\" style=\"--smush-placeholder-width: 700px; --smush-placeholder-aspect-ratio: 700\/547;\" \/><\/div><\/div><div class=\"kadence-blocks-gallery-item__caption\">Chef<\/div><\/a><\/figure><\/div><\/li><li class=\"kadence-blocks-gallery-item\"><div class=\"kadence-blocks-gallery-item-inner\"><figure class=\"kb-gallery-figure kb-gallery-item-has-link kadence-blocks-gallery-item-has-caption\"><a href=\"https:\/\/petrchutny.cz\/en\/zk-ucto\/\" class=\"kb-gallery-item-link\"  ><div class=\"kb-gal-image-radius\"><div class=\"kb-gallery-image-contain kadence-blocks-gallery-intrinsic kb-gallery-image-ratio-land43 kb-has-image-ratio-land43\" ><img decoding=\"async\" data-src=\"https:\/\/petrchutny.cz\/wp-content\/uploads\/2025\/03\/ZK-Ucto.jpg\" width=\"700\" height=\"547\" alt=\"\" data-full-image=\"https:\/\/petrchutny.cz\/wp-content\/uploads\/2025\/03\/ZK-Ucto.jpg\" data-light-image=\"https:\/\/petrchutny.cz\/wp-content\/uploads\/2025\/03\/ZK-Ucto.jpg\" data-id=\"170\" class=\"wp-image-170 lazyload\" data-srcset=\"https:\/\/petrchutny.cz\/wp-content\/uploads\/2025\/03\/ZK-Ucto.jpg 700w, https:\/\/petrchutny.cz\/wp-content\/uploads\/2025\/03\/ZK-Ucto-300x234.jpg 300w\" data-sizes=\"(max-width: 700px) 100vw, 700px\" src=\"data:image\/svg+xml;base64,PHN2ZyB3aWR0aD0iMSIgaGVpZ2h0PSIxIiB4bWxucz0iaHR0cDovL3d3dy53My5vcmcvMjAwMC9zdmciPjwvc3ZnPg==\" style=\"--smush-placeholder-width: 700px; --smush-placeholder-aspect-ratio: 700\/547;\" \/><\/div><\/div><div class=\"kadence-blocks-gallery-item__caption\">ZK \u00da\u010dto<\/div><\/a><\/figure><\/div><\/li><li class=\"kadence-blocks-gallery-item\"><div class=\"kadence-blocks-gallery-item-inner\"><figure class=\"kb-gallery-figure kb-gallery-item-has-link kadence-blocks-gallery-item-has-caption\"><a href=\"https:\/\/petrchutny.cz\/en\/purple-technology\/\" class=\"kb-gallery-item-link\"  ><div class=\"kb-gal-image-radius\"><div class=\"kb-gallery-image-contain kadence-blocks-gallery-intrinsic kb-gallery-image-ratio-land43 kb-has-image-ratio-land43\" ><img decoding=\"async\" data-src=\"https:\/\/petrchutny.cz\/wp-content\/uploads\/2025\/11\/Purple-1024x801.jpg\" width=\"1024\" height=\"801\" alt=\"\" data-full-image=\"https:\/\/petrchutny.cz\/wp-content\/uploads\/2025\/11\/Purple.jpg\" data-light-image=\"https:\/\/petrchutny.cz\/wp-content\/uploads\/2025\/11\/Purple.jpg\" data-id=\"850\" class=\"wp-image-850 lazyload\" data-srcset=\"https:\/\/petrchutny.cz\/wp-content\/uploads\/2025\/11\/Purple-1024x801.jpg 1024w, https:\/\/petrchutny.cz\/wp-content\/uploads\/2025\/11\/Purple-300x235.jpg 300w, https:\/\/petrchutny.cz\/wp-content\/uploads\/2025\/11\/Purple-768x601.jpg 768w, https:\/\/petrchutny.cz\/wp-content\/uploads\/2025\/11\/Purple-15x12.jpg 15w, https:\/\/petrchutny.cz\/wp-content\/uploads\/2025\/11\/Purple.jpg 1076w\" data-sizes=\"(max-width: 1024px) 100vw, 1024px\" src=\"data:image\/svg+xml;base64,PHN2ZyB3aWR0aD0iMSIgaGVpZ2h0PSIxIiB4bWxucz0iaHR0cDovL3d3dy53My5vcmcvMjAwMC9zdmciPjwvc3ZnPg==\" style=\"--smush-placeholder-width: 1024px; --smush-placeholder-aspect-ratio: 1024\/801;\" \/><\/div><\/div><div class=\"kadence-blocks-gallery-item__caption\">Purple Technology<\/div><\/a><\/figure><\/div><\/li><li class=\"kadence-blocks-gallery-item\"><div class=\"kadence-blocks-gallery-item-inner\"><figure class=\"kb-gallery-figure kb-gallery-item-has-link kadence-blocks-gallery-item-has-caption\"><a href=\"https:\/\/petrchutny.cz\/en\/butter-wynd-pottery\/\" class=\"kb-gallery-item-link\"  ><div class=\"kb-gal-image-radius\"><div class=\"kb-gallery-image-contain kadence-blocks-gallery-intrinsic kb-gallery-image-ratio-land43 kb-has-image-ratio-land43\" ><img decoding=\"async\" data-src=\"https:\/\/petrchutny.cz\/wp-content\/uploads\/2025\/12\/Butter-Wynd-Pottery-Logo-1024x705.jpg\" width=\"1024\" height=\"705\" alt=\"\" data-full-image=\"https:\/\/petrchutny.cz\/wp-content\/uploads\/2025\/12\/Butter-Wynd-Pottery-Logo.jpg\" data-light-image=\"https:\/\/petrchutny.cz\/wp-content\/uploads\/2025\/12\/Butter-Wynd-Pottery-Logo.jpg\" data-id=\"1019\" class=\"wp-image-1019 lazyload\" data-srcset=\"https:\/\/petrchutny.cz\/wp-content\/uploads\/2025\/12\/Butter-Wynd-Pottery-Logo-1024x705.jpg 1024w, https:\/\/petrchutny.cz\/wp-content\/uploads\/2025\/12\/Butter-Wynd-Pottery-Logo-300x207.jpg 300w, https:\/\/petrchutny.cz\/wp-content\/uploads\/2025\/12\/Butter-Wynd-Pottery-Logo-768x529.jpg 768w, https:\/\/petrchutny.cz\/wp-content\/uploads\/2025\/12\/Butter-Wynd-Pottery-Logo-18x12.jpg 18w, https:\/\/petrchutny.cz\/wp-content\/uploads\/2025\/12\/Butter-Wynd-Pottery-Logo.jpg 1200w\" data-sizes=\"(max-width: 1024px) 100vw, 1024px\" src=\"data:image\/svg+xml;base64,PHN2ZyB3aWR0aD0iMSIgaGVpZ2h0PSIxIiB4bWxucz0iaHR0cDovL3d3dy53My5vcmcvMjAwMC9zdmciPjwvc3ZnPg==\" style=\"--smush-placeholder-width: 1024px; --smush-placeholder-aspect-ratio: 1024\/705;\" \/><\/div><\/div><div class=\"kadence-blocks-gallery-item__caption\">Butter Wynd Pottery<\/div><\/a><\/figure><\/div><\/li><li class=\"kadence-blocks-gallery-item\"><div class=\"kadence-blocks-gallery-item-inner\"><figure class=\"kb-gallery-figure kb-gallery-item-has-link kadence-blocks-gallery-item-has-caption\"><a href=\"https:\/\/petrchutny.cz\/en\/cafe-dvorek\/\" class=\"kb-gallery-item-link\"  ><div class=\"kb-gal-image-radius\"><div class=\"kb-gallery-image-contain kadence-blocks-gallery-intrinsic kb-gallery-image-ratio-land43 kb-has-image-ratio-land43\" ><img decoding=\"async\" data-src=\"https:\/\/petrchutny.cz\/wp-content\/uploads\/2026\/01\/Cafe-Dvorek-scaled-1-1024x734.jpg\" width=\"1024\" height=\"734\" alt=\"\" data-full-image=\"https:\/\/petrchutny.cz\/wp-content\/uploads\/2026\/01\/Cafe-Dvorek-scaled-1.jpg\" data-light-image=\"https:\/\/petrchutny.cz\/wp-content\/uploads\/2026\/01\/Cafe-Dvorek-scaled-1.jpg\" data-id=\"1210\" class=\"wp-image-1210 lazyload\" data-srcset=\"https:\/\/petrchutny.cz\/wp-content\/uploads\/2026\/01\/Cafe-Dvorek-scaled-1-1024x734.jpg 1024w, https:\/\/petrchutny.cz\/wp-content\/uploads\/2026\/01\/Cafe-Dvorek-scaled-1-300x215.jpg 300w, https:\/\/petrchutny.cz\/wp-content\/uploads\/2026\/01\/Cafe-Dvorek-scaled-1-768x551.jpg 768w, https:\/\/petrchutny.cz\/wp-content\/uploads\/2026\/01\/Cafe-Dvorek-scaled-1-1536x1101.jpg 1536w, https:\/\/petrchutny.cz\/wp-content\/uploads\/2026\/01\/Cafe-Dvorek-scaled-1-18x12.jpg 18w, https:\/\/petrchutny.cz\/wp-content\/uploads\/2026\/01\/Cafe-Dvorek-scaled-1.jpg 1600w\" data-sizes=\"(max-width: 1024px) 100vw, 1024px\" src=\"data:image\/svg+xml;base64,PHN2ZyB3aWR0aD0iMSIgaGVpZ2h0PSIxIiB4bWxucz0iaHR0cDovL3d3dy53My5vcmcvMjAwMC9zdmciPjwvc3ZnPg==\" style=\"--smush-placeholder-width: 1024px; --smush-placeholder-aspect-ratio: 1024\/734;\" \/><\/div><\/div><div class=\"kadence-blocks-gallery-item__caption\">Caf\u00e9 Dvorek<\/div><\/a><\/figure><\/div><\/li><li class=\"kadence-blocks-gallery-item\"><div class=\"kadence-blocks-gallery-item-inner\"><figure class=\"kb-gallery-figure kb-gallery-item-has-link kadence-blocks-gallery-item-has-caption\"><a href=\"https:\/\/petrchutny.cz\/en\/graficky-design\/\" class=\"kb-gallery-item-link\"  ><div class=\"kb-gal-image-radius\"><div class=\"kb-gallery-image-contain kadence-blocks-gallery-intrinsic kb-gallery-image-ratio-land43 kb-has-image-ratio-land43\" ><img decoding=\"async\" data-src=\"https:\/\/petrchutny.cz\/wp-content\/uploads\/2026\/01\/Graficky-design-nahled-1024x717.jpg\" width=\"1024\" height=\"717\" alt=\"\" data-full-image=\"https:\/\/petrchutny.cz\/wp-content\/uploads\/2026\/01\/Graficky-design-nahled.jpg\" data-light-image=\"https:\/\/petrchutny.cz\/wp-content\/uploads\/2026\/01\/Graficky-design-nahled.jpg\" data-id=\"1213\" class=\"wp-image-1213 lazyload\" data-srcset=\"https:\/\/petrchutny.cz\/wp-content\/uploads\/2026\/01\/Graficky-design-nahled-1024x717.jpg 1024w, https:\/\/petrchutny.cz\/wp-content\/uploads\/2026\/01\/Graficky-design-nahled-300x210.jpg 300w, https:\/\/petrchutny.cz\/wp-content\/uploads\/2026\/01\/Graficky-design-nahled-768x538.jpg 768w, https:\/\/petrchutny.cz\/wp-content\/uploads\/2026\/01\/Graficky-design-nahled-1536x1075.jpg 1536w, https:\/\/petrchutny.cz\/wp-content\/uploads\/2026\/01\/Graficky-design-nahled-18x12.jpg 18w, https:\/\/petrchutny.cz\/wp-content\/uploads\/2026\/01\/Graficky-design-nahled.jpg 2000w\" data-sizes=\"(max-width: 1024px) 100vw, 1024px\" src=\"data:image\/svg+xml;base64,PHN2ZyB3aWR0aD0iMSIgaGVpZ2h0PSIxIiB4bWxucz0iaHR0cDovL3d3dy53My5vcmcvMjAwMC9zdmciPjwvc3ZnPg==\" style=\"--smush-placeholder-width: 1024px; --smush-placeholder-aspect-ratio: 1024\/717;\" \/><\/div><\/div><div class=\"kadence-blocks-gallery-item__caption\">Graphic design<\/div><\/a><\/figure><\/div><\/li><li class=\"kadence-blocks-gallery-item\"><div class=\"kadence-blocks-gallery-item-inner\"><figure class=\"kb-gallery-figure kb-gallery-item-has-link kadence-blocks-gallery-item-has-caption\"><a href=\"https:\/\/petrchutny.cz\/en\/vizualni-a-webove-projekty\/\" class=\"kb-gallery-item-link\"  ><div class=\"kb-gal-image-radius\"><div class=\"kb-gallery-image-contain kadence-blocks-gallery-intrinsic kb-gallery-image-ratio-land43 kb-has-image-ratio-land43\" ><img decoding=\"async\" data-src=\"https:\/\/petrchutny.cz\/wp-content\/uploads\/2026\/01\/Vizualni-a-webove-projekty-nahled-1024x717.jpg\" width=\"1024\" height=\"717\" alt=\"\" data-full-image=\"https:\/\/petrchutny.cz\/wp-content\/uploads\/2026\/01\/Vizualni-a-webove-projekty-nahled.jpg\" data-light-image=\"https:\/\/petrchutny.cz\/wp-content\/uploads\/2026\/01\/Vizualni-a-webove-projekty-nahled.jpg\" data-id=\"1214\" class=\"wp-image-1214 lazyload\" data-srcset=\"https:\/\/petrchutny.cz\/wp-content\/uploads\/2026\/01\/Vizualni-a-webove-projekty-nahled-1024x717.jpg 1024w, https:\/\/petrchutny.cz\/wp-content\/uploads\/2026\/01\/Vizualni-a-webove-projekty-nahled-300x210.jpg 300w, https:\/\/petrchutny.cz\/wp-content\/uploads\/2026\/01\/Vizualni-a-webove-projekty-nahled-768x538.jpg 768w, https:\/\/petrchutny.cz\/wp-content\/uploads\/2026\/01\/Vizualni-a-webove-projekty-nahled-1536x1075.jpg 1536w, https:\/\/petrchutny.cz\/wp-content\/uploads\/2026\/01\/Vizualni-a-webove-projekty-nahled-18x12.jpg 18w, https:\/\/petrchutny.cz\/wp-content\/uploads\/2026\/01\/Vizualni-a-webove-projekty-nahled.jpg 2000w\" data-sizes=\"(max-width: 1024px) 100vw, 1024px\" src=\"data:image\/svg+xml;base64,PHN2ZyB3aWR0aD0iMSIgaGVpZ2h0PSIxIiB4bWxucz0iaHR0cDovL3d3dy53My5vcmcvMjAwMC9zdmciPjwvc3ZnPg==\" style=\"--smush-placeholder-width: 1024px; --smush-placeholder-aspect-ratio: 1024\/717;\" \/><\/div><\/div><div class=\"kadence-blocks-gallery-item__caption\">Vizu\u00e1ln\u00ed a webov\u00e9 projekty<\/div><\/a><\/figure><\/div><\/li><\/ul><\/div>","protected":false},"excerpt":{"rendered":"<p>My work<\/p>","protected":false},"author":1,"featured_media":0,"parent":0,"menu_order":5,"comment_status":"closed","ping_status":"closed","template":"","meta":{"wds_primary_category":0,"footnotes":""},"categories":[],"tags":[],"class_list":["post-898","page","type-page","status-publish","hentry"],"_links":{"self":[{"href":"https:\/\/petrchutny.cz\/en\/wp-json\/wp\/v2\/pages\/898","targetHints":{"allow":["GET"]}}],"collection":[{"href":"https:\/\/petrchutny.cz\/en\/wp-json\/wp\/v2\/pages"}],"about":[{"href":"https:\/\/petrchutny.cz\/en\/wp-json\/wp\/v2\/types\/page"}],"author":[{"embeddable":true,"href":"https:\/\/petrchutny.cz\/en\/wp-json\/wp\/v2\/users\/1"}],"replies":[{"embeddable":true,"href":"https:\/\/petrchutny.cz\/en\/wp-json\/wp\/v2\/comments?post=898"}],"version-history":[{"count":15,"href":"https:\/\/petrchutny.cz\/en\/wp-json\/wp\/v2\/pages\/898\/revisions"}],"predecessor-version":[{"id":1220,"href":"https:\/\/petrchutny.cz\/en\/wp-json\/wp\/v2\/pages\/898\/revisions\/1220"}],"wp:attachment":[{"href":"https:\/\/petrchutny.cz\/en\/wp-json\/wp\/v2\/media?parent=898"}],"wp:term":[{"taxonomy":"category","embeddable":true,"href":"https:\/\/petrchutny.cz\/en\/wp-json\/wp\/v2\/categories?post=898"},{"taxonomy":"post_tag","embeddable":true,"href":"https:\/\/petrchutny.cz\/en\/wp-json\/wp\/v2\/tags?post=898"}],"curies":[{"name":"wp","href":"https:\/\/api.w.org\/{rel}","templated":true}]}}