{"id":870,"date":"2025-11-08T10:27:42","date_gmt":"2025-11-08T09:27:42","guid":{"rendered":"https:\/\/petrchutny.cz\/?page_id=870"},"modified":"2025-11-19T17:35:19","modified_gmt":"2025-11-19T16:35:19","slug":"lusteniny-chutne","status":"publish","type":"page","link":"https:\/\/petrchutny.cz\/en\/lusteniny-chutne\/","title":{"rendered":"Lu\u0161t\u011bniny, jak je nezn\u00e1te"},"content":{"rendered":"<p>Pom\u00e1hal jsem Michaele \u0160eb\u00e1kov\u00e9 s vyd\u00e1n\u00edm jej\u00ed knihy Lu\u0161t\u011bniny, jak je nezn\u00e1te. Je to kniha kter\u00e1 existovala jako eBook vytvo\u0159en\u00fd v Canv\u011b, a j\u00e1 M\u00ed\u0161e pomohl tuto knihu vyladit a dostat do tisku.<\/p>\n\n\n\n<p>Moje pr\u00e1ce zahrnovala:<\/p>\n\n\n\n<ul class=\"wp-block-list\">\n<li>\u00daprava fotek v Canv\u011b pro konzistentn\u00ed kvalitu a dobr\u00fd dojem<\/li>\n\n\n\n<li>P\u0159enesen\u00ed designu z Canvy do Affinity Publisher<\/li>\n\n\n\n<li>Tvorba p\u0159edn\u00ed a zadn\u00ed strany ob\u00e1lky z M\u00ed\u0161in\u00fdch fotek<\/li>\n\n\n\n<li>P\u0159edtiskov\u00e9 \u00fapravy<\/li>\n<\/ul>\n\n\n\n<figure class=\"wp-block-image size-large\"><a href=\"https:\/\/petrchutny.cz\/wp-content\/uploads\/2025\/11\/18.6-Lusteniny-Kniha-1-z-5.jpeg\" data-lbwps-width=\"4608\" data-lbwps-height=\"3456\" data-lbwps-srcsmall=\"https:\/\/petrchutny.cz\/wp-content\/uploads\/2025\/11\/18.6-Lusteniny-Kniha-1-z-5.jpeg\"><img decoding=\"async\" width=\"1024\" height=\"768\" data-src=\"https:\/\/petrchutny.cz\/wp-content\/uploads\/2025\/11\/18.6-Lusteniny-Kniha-1-z-5-1024x768.jpeg\" alt=\"\" class=\"wp-image-865 lazyload\" data-srcset=\"https:\/\/petrchutny.cz\/wp-content\/uploads\/2025\/11\/18.6-Lusteniny-Kniha-1-z-5-1024x768.jpeg 1024w, https:\/\/petrchutny.cz\/wp-content\/uploads\/2025\/11\/18.6-Lusteniny-Kniha-1-z-5-300x225.jpeg 300w, https:\/\/petrchutny.cz\/wp-content\/uploads\/2025\/11\/18.6-Lusteniny-Kniha-1-z-5-768x576.jpeg 768w, https:\/\/petrchutny.cz\/wp-content\/uploads\/2025\/11\/18.6-Lusteniny-Kniha-1-z-5-1536x1152.jpeg 1536w, https:\/\/petrchutny.cz\/wp-content\/uploads\/2025\/11\/18.6-Lusteniny-Kniha-1-z-5-2048x1536.jpeg 2048w, https:\/\/petrchutny.cz\/wp-content\/uploads\/2025\/11\/18.6-Lusteniny-Kniha-1-z-5-16x12.jpeg 16w, https:\/\/petrchutny.cz\/wp-content\/uploads\/2025\/11\/18.6-Lusteniny-Kniha-1-z-5-scaled.jpeg 2000w\" data-sizes=\"(max-width: 1024px) 100vw, 1024px\" src=\"data:image\/svg+xml;base64,PHN2ZyB3aWR0aD0iMSIgaGVpZ2h0PSIxIiB4bWxucz0iaHR0cDovL3d3dy53My5vcmcvMjAwMC9zdmciPjwvc3ZnPg==\" style=\"--smush-placeholder-width: 1024px; --smush-placeholder-aspect-ratio: 1024\/768;\" \/><\/a><figcaption class=\"wp-element-caption\">Lu\u0161t\u011bniny Chutn\u011b &#8211; p\u0159edn\u00ed ob\u00e1lka<\/figcaption><\/figure>\n\n\n\n<figure class=\"wp-block-image size-large\"><a href=\"https:\/\/petrchutny.cz\/wp-content\/uploads\/2025\/11\/18.6-Lusteniny-Kniha-2-z-5.jpeg\" data-lbwps-width=\"4608\" data-lbwps-height=\"3456\" data-lbwps-srcsmall=\"https:\/\/petrchutny.cz\/wp-content\/uploads\/2025\/11\/18.6-Lusteniny-Kniha-2-z-5.jpeg\"><img decoding=\"async\" width=\"1024\" height=\"768\" data-src=\"https:\/\/petrchutny.cz\/wp-content\/uploads\/2025\/11\/18.6-Lusteniny-Kniha-2-z-5-1024x768.jpeg\" alt=\"\" class=\"wp-image-866 lazyload\" data-srcset=\"https:\/\/petrchutny.cz\/wp-content\/uploads\/2025\/11\/18.6-Lusteniny-Kniha-2-z-5-1024x768.jpeg 1024w, https:\/\/petrchutny.cz\/wp-content\/uploads\/2025\/11\/18.6-Lusteniny-Kniha-2-z-5-300x225.jpeg 300w, https:\/\/petrchutny.cz\/wp-content\/uploads\/2025\/11\/18.6-Lusteniny-Kniha-2-z-5-768x576.jpeg 768w, https:\/\/petrchutny.cz\/wp-content\/uploads\/2025\/11\/18.6-Lusteniny-Kniha-2-z-5-1536x1152.jpeg 1536w, https:\/\/petrchutny.cz\/wp-content\/uploads\/2025\/11\/18.6-Lusteniny-Kniha-2-z-5-2048x1536.jpeg 2048w, https:\/\/petrchutny.cz\/wp-content\/uploads\/2025\/11\/18.6-Lusteniny-Kniha-2-z-5-16x12.jpeg 16w, https:\/\/petrchutny.cz\/wp-content\/uploads\/2025\/11\/18.6-Lusteniny-Kniha-2-z-5-scaled.jpeg 2000w\" data-sizes=\"(max-width: 1024px) 100vw, 1024px\" src=\"data:image\/svg+xml;base64,PHN2ZyB3aWR0aD0iMSIgaGVpZ2h0PSIxIiB4bWxucz0iaHR0cDovL3d3dy53My5vcmcvMjAwMC9zdmciPjwvc3ZnPg==\" style=\"--smush-placeholder-width: 1024px; --smush-placeholder-aspect-ratio: 1024\/768;\" \/><\/a><figcaption class=\"wp-element-caption\">Uk\u00e1zka receptu<\/figcaption><\/figure>\n\n\n\n<figure class=\"wp-block-image size-large\"><a href=\"https:\/\/petrchutny.cz\/wp-content\/uploads\/2025\/11\/18.6-Lusteniny-Kniha-5-z-5.jpeg\" data-lbwps-width=\"4608\" data-lbwps-height=\"3456\" data-lbwps-srcsmall=\"https:\/\/petrchutny.cz\/wp-content\/uploads\/2025\/11\/18.6-Lusteniny-Kniha-5-z-5.jpeg\"><img decoding=\"async\" width=\"1024\" height=\"768\" data-src=\"https:\/\/petrchutny.cz\/wp-content\/uploads\/2025\/11\/18.6-Lusteniny-Kniha-5-z-5-1024x768.jpeg\" alt=\"\" class=\"wp-image-869 lazyload\" data-srcset=\"https:\/\/petrchutny.cz\/wp-content\/uploads\/2025\/11\/18.6-Lusteniny-Kniha-5-z-5-1024x768.jpeg 1024w, https:\/\/petrchutny.cz\/wp-content\/uploads\/2025\/11\/18.6-Lusteniny-Kniha-5-z-5-300x225.jpeg 300w, https:\/\/petrchutny.cz\/wp-content\/uploads\/2025\/11\/18.6-Lusteniny-Kniha-5-z-5-768x576.jpeg 768w, https:\/\/petrchutny.cz\/wp-content\/uploads\/2025\/11\/18.6-Lusteniny-Kniha-5-z-5-1536x1152.jpeg 1536w, https:\/\/petrchutny.cz\/wp-content\/uploads\/2025\/11\/18.6-Lusteniny-Kniha-5-z-5-2048x1536.jpeg 2048w, https:\/\/petrchutny.cz\/wp-content\/uploads\/2025\/11\/18.6-Lusteniny-Kniha-5-z-5-16x12.jpeg 16w, https:\/\/petrchutny.cz\/wp-content\/uploads\/2025\/11\/18.6-Lusteniny-Kniha-5-z-5-scaled.jpeg 2000w\" data-sizes=\"(max-width: 1024px) 100vw, 1024px\" src=\"data:image\/svg+xml;base64,PHN2ZyB3aWR0aD0iMSIgaGVpZ2h0PSIxIiB4bWxucz0iaHR0cDovL3d3dy53My5vcmcvMjAwMC9zdmciPjwvc3ZnPg==\" style=\"--smush-placeholder-width: 1024px; --smush-placeholder-aspect-ratio: 1024\/768;\" \/><\/a><figcaption class=\"wp-element-caption\">Uk\u00e1zka receptu<\/figcaption><\/figure>\n\n\n\n<figure class=\"wp-block-image size-large\"><a href=\"https:\/\/petrchutny.cz\/wp-content\/uploads\/2025\/11\/18.6-Lusteniny-Kniha-3-z-5.jpeg\" data-lbwps-width=\"3456\" data-lbwps-height=\"4608\" data-lbwps-srcsmall=\"https:\/\/petrchutny.cz\/wp-content\/uploads\/2025\/11\/18.6-Lusteniny-Kniha-3-z-5-9x12.jpeg\"><img decoding=\"async\" width=\"768\" height=\"1024\" data-src=\"https:\/\/petrchutny.cz\/wp-content\/uploads\/2025\/11\/18.6-Lusteniny-Kniha-3-z-5-768x1024.jpeg\" alt=\"\" class=\"wp-image-867 lazyload\" data-srcset=\"https:\/\/petrchutny.cz\/wp-content\/uploads\/2025\/11\/18.6-Lusteniny-Kniha-3-z-5-768x1024.jpeg 768w, https:\/\/petrchutny.cz\/wp-content\/uploads\/2025\/11\/18.6-Lusteniny-Kniha-3-z-5-225x300.jpeg 225w, https:\/\/petrchutny.cz\/wp-content\/uploads\/2025\/11\/18.6-Lusteniny-Kniha-3-z-5-1152x1536.jpeg 1152w, https:\/\/petrchutny.cz\/wp-content\/uploads\/2025\/11\/18.6-Lusteniny-Kniha-3-z-5-1536x2048.jpeg 1536w, https:\/\/petrchutny.cz\/wp-content\/uploads\/2025\/11\/18.6-Lusteniny-Kniha-3-z-5-9x12.jpeg 9w, https:\/\/petrchutny.cz\/wp-content\/uploads\/2025\/11\/18.6-Lusteniny-Kniha-3-z-5-scaled.jpeg 1500w\" data-sizes=\"(max-width: 768px) 100vw, 768px\" src=\"data:image\/svg+xml;base64,PHN2ZyB3aWR0aD0iMSIgaGVpZ2h0PSIxIiB4bWxucz0iaHR0cDovL3d3dy53My5vcmcvMjAwMC9zdmciPjwvc3ZnPg==\" style=\"--smush-placeholder-width: 768px; --smush-placeholder-aspect-ratio: 768\/1024;\" \/><\/a><figcaption class=\"wp-element-caption\">Zadn\u00ed ob\u00e1lka<\/figcaption><\/figure>","protected":false},"excerpt":{"rendered":"<p>Pom\u00e1hal jsem Michaele \u0160eb\u00e1kov\u00e9 s vyd\u00e1n\u00edm jej\u00ed knihy Lu\u0161t\u011bniny, jak je nezn\u00e1te. Je to kniha kter\u00e1 existovala jako eBook vytvo\u0159en\u00fd v Canv\u011b, a j\u00e1 M\u00ed\u0161e pomohl tuto knihu vyladit a dostat do tisku. Moje pr\u00e1ce zahrnovala:<\/p>","protected":false},"author":1,"featured_media":0,"parent":0,"menu_order":27,"comment_status":"closed","ping_status":"closed","template":"projekt","meta":{"wds_primary_category":13,"footnotes":""},"categories":[13,9],"tags":[],"class_list":["post-870","page","type-page","status-publish","hentry","category-graficky-design","category-projekty"],"_links":{"self":[{"href":"https:\/\/petrchutny.cz\/en\/wp-json\/wp\/v2\/pages\/870","targetHints":{"allow":["GET"]}}],"collection":[{"href":"https:\/\/petrchutny.cz\/en\/wp-json\/wp\/v2\/pages"}],"about":[{"href":"https:\/\/petrchutny.cz\/en\/wp-json\/wp\/v2\/types\/page"}],"author":[{"embeddable":true,"href":"https:\/\/petrchutny.cz\/en\/wp-json\/wp\/v2\/users\/1"}],"replies":[{"embeddable":true,"href":"https:\/\/petrchutny.cz\/en\/wp-json\/wp\/v2\/comments?post=870"}],"version-history":[{"count":3,"href":"https:\/\/petrchutny.cz\/en\/wp-json\/wp\/v2\/pages\/870\/revisions"}],"predecessor-version":[{"id":960,"href":"https:\/\/petrchutny.cz\/en\/wp-json\/wp\/v2\/pages\/870\/revisions\/960"}],"wp:attachment":[{"href":"https:\/\/petrchutny.cz\/en\/wp-json\/wp\/v2\/media?parent=870"}],"wp:term":[{"taxonomy":"category","embeddable":true,"href":"https:\/\/petrchutny.cz\/en\/wp-json\/wp\/v2\/categories?post=870"},{"taxonomy":"post_tag","embeddable":true,"href":"https:\/\/petrchutny.cz\/en\/wp-json\/wp\/v2\/tags?post=870"}],"curies":[{"name":"wp","href":"https:\/\/api.w.org\/{rel}","templated":true}]}}