{"id":740,"date":"2025-08-07T13:10:53","date_gmt":"2025-08-07T13:10:53","guid":{"rendered":"https:\/\/petrchutny.cz\/?page_id=740"},"modified":"2026-01-23T11:02:34","modified_gmt":"2026-01-23T10:02:34","slug":"ostatni","status":"publish","type":"page","link":"https:\/\/petrchutny.cz\/en\/ostatni\/","title":{"rendered":"Other"},"content":{"rendered":"<div class=\"wp-block-columns is-layout-flex wp-container-core-columns-is-layout-28f84493 wp-block-columns-is-layout-flex\">\n<div class=\"wp-block-column is-layout-flow wp-block-column-is-layout-flow\">\n<h3 class=\"wp-block-heading\"><a href=\"http:\/\/petrchutny.cz\/en\/zpevnik\/\" target=\"_blank\" rel=\"noopener noreferrer nofollow\">Songbook<\/a> \ud83c\udfb5<\/h3>\n\n\n\n<p>My songbook full of songs with chords. Recently a lot of medicine songs from south america, previously mantras and other songs.<\/p>\n<\/div>\n\n\n\n<div class=\"wp-block-column is-layout-flow wp-block-column-is-layout-flow\">\n<h3 class=\"wp-block-heading\"><a href=\"http:\/\/petrchutny.cz\/en\/kuchari\/\" target=\"_blank\" rel=\"noopener noreferrer nofollow\">Mindful chefs<\/a> \ud83d\udc68\u200d\ud83c\udf73<\/h3>\n\n\n\n<p>Kolektiv kucha\u0159\u016f na voln\u00e9 noze, kte\u0159\u00ed r\u00e1di va\u0159\u00ed na seberozvojov\u00fdch akc\u00edch. M\u016f\u017eete si tam vybrat kucha\u0159e pro va\u0161i akci, ve va\u0161em regionu.<\/p>\n<\/div>\n<\/div>\n\n\n\n<div class=\"wp-block-columns is-layout-flex wp-container-core-columns-is-layout-28f84493 wp-block-columns-is-layout-flex\">\n<div class=\"wp-block-column is-layout-flow wp-block-column-is-layout-flow\">\n<h3 class=\"wp-block-heading\"><a href=\"http:\/\/petrchutny.cz\/en\/recepty\/\" target=\"_blank\" rel=\"noopener noreferrer nofollow\">Recipes<\/a> \ud83d\udcdc<\/h3>\n\n\n\n<p>Kolekce p\u00e1r m\u00fdch recept\u016f. Nen\u00ed to o kvantit\u011b, sp\u00ed\u0161 o t\u011bch kter\u00e9 se mn\u011b dr\u017e\u00ed, nebo st\u00e1le c\u00edt\u00edm \u017ee je m\u00e1m r\u00e1d a m\u00e1m chu\u0165 si je n\u011bkdy ud\u011blat \ud83d\ude42<\/p>\n<\/div>\n\n\n\n<div class=\"wp-block-column is-layout-flow wp-block-column-is-layout-flow\">\n<h3 class=\"wp-block-heading\"><a href=\"http:\/\/petrchutny.cz\/en\/kamprojidlo\/\" target=\"_blank\" rel=\"noopener noreferrer nofollow\">Brno food shopping<\/a> \ud83d\uded2<\/h3>\n\n\n\n<p>Kde nakupovat j\u00eddlo v Brn\u011b. Trhy, kamenn\u00e9 obchody, zdrav\u00e9 v\u00fd\u017eivy, ryb\u00e1rny, pek\u00e1rny, exotick\u00e9 ingredience a online zdroje pro celou \u010cR.<\/p>\n<\/div>\n<\/div>\n\n\n\n<div class=\"wp-block-columns is-layout-flex wp-container-core-columns-is-layout-28f84493 wp-block-columns-is-layout-flex\">\n<div class=\"wp-block-column is-layout-flow wp-block-column-is-layout-flow\">\n<h3 class=\"wp-block-heading\"><a href=\"http:\/\/petrchutny.cz\/en\/prostory\/\" target=\"_blank\" rel=\"noopener noreferrer nofollow\">Brno spaces<\/a> \ud83d\udc0a<\/h3>\n\n\n\n<p>List of spaces in Brno, that may be useful for organising various events. With contacts, sometimes also links to the space availability.<\/p>\n<\/div>\n\n\n\n<div class=\"wp-block-column is-layout-flow wp-block-column-is-layout-flow\">\n<h3 class=\"wp-block-heading\"><a href=\"https:\/\/petrchutny.cz\/en\/vyvary\/\">V\u00fdvary<\/a> \ud83c\udf72<\/h3>\n\n\n\n<p>Velk\u00fd \u010dl\u00e1nek o v\u00fdvarech. Pro\u010d je j\u00edst, jak je va\u0159it, skladovat\u2026 inspiruj\u00edc\u00ed recepty z r\u016fzn\u00fdch kultur. V\u00fdvary m\u011b dlouhodob\u011b vy\u017eivuj\u00ed na hlub\u0161\u00ed \u00farovni.<\/p>\n<\/div>\n<\/div>\n\n\n\n<div class=\"wp-block-columns is-layout-flex wp-container-core-columns-is-layout-28f84493 wp-block-columns-is-layout-flex\">\n<div class=\"wp-block-column is-layout-flow wp-block-column-is-layout-flow\">\n<h3 class=\"wp-block-heading\"><a href=\"http:\/\/petrchutny.cz\/en\/prostory\/\" target=\"_blank\" rel=\"noopener noreferrer nofollow\">Kv\u00e1sek &amp; chleba<\/a> \ud83c\udf5e<\/h3>\n\n\n\n<p>Rozcestn\u00edk, z kter\u00e9ho se dostanete na mou p\u0159\u00edru\u010dku ke tvorb\u011b a \u017eivotu s kv\u00e1skem, a dva recepty na kv\u00e1skov\u00e9 chleby.<\/p>\n<\/div>\n\n\n\n<div class=\"wp-block-column is-layout-flow wp-block-column-is-layout-flow\"><\/div>\n<\/div>","protected":false},"excerpt":{"rendered":"<p>Zp\u011bvn\u00edk \ud83c\udfb5 M\u016fj zp\u011bvn\u00edk pln\u00fd p\u00edsn\u00ed s akordy. Indi\u00e1nsk\u00e9 medic\u00ednsk\u00e9 p\u00edsn\u011b, mantry (spousta od Mantrovn\u00edk\u016f s kter\u00fdmi jsem chv\u00edli hr\u00e1l), a dal\u0161\u00ed p\u00edsn\u011b kter\u00e9 m\u00e1m r\u00e1d. V\u011bdom\u00ed kucha\u0159i \ud83d\udc68\u200d\ud83c\udf73 Kolektiv kucha\u0159\u016f na voln\u00e9 noze, kte\u0159\u00ed r\u00e1di va\u0159\u00ed na seberozvojov\u00fdch akc\u00edch. M\u016f\u017eete si tam vybrat kucha\u0159e pro va\u0161i akci, ve va\u0161em regionu. Recepty \ud83d\udcdc Kolekce p\u00e1r [&hellip;]<\/p>\n","protected":false},"author":1,"featured_media":0,"parent":0,"menu_order":2,"comment_status":"closed","ping_status":"closed","template":"","meta":{"wds_primary_category":0,"footnotes":""},"categories":[],"tags":[],"class_list":["post-740","page","type-page","status-publish","hentry"],"_links":{"self":[{"href":"https:\/\/petrchutny.cz\/en\/wp-json\/wp\/v2\/pages\/740","targetHints":{"allow":["GET"]}}],"collection":[{"href":"https:\/\/petrchutny.cz\/en\/wp-json\/wp\/v2\/pages"}],"about":[{"href":"https:\/\/petrchutny.cz\/en\/wp-json\/wp\/v2\/types\/page"}],"author":[{"embeddable":true,"href":"https:\/\/petrchutny.cz\/en\/wp-json\/wp\/v2\/users\/1"}],"replies":[{"embeddable":true,"href":"https:\/\/petrchutny.cz\/en\/wp-json\/wp\/v2\/comments?post=740"}],"version-history":[{"count":8,"href":"https:\/\/petrchutny.cz\/en\/wp-json\/wp\/v2\/pages\/740\/revisions"}],"predecessor-version":[{"id":1330,"href":"https:\/\/petrchutny.cz\/en\/wp-json\/wp\/v2\/pages\/740\/revisions\/1330"}],"wp:attachment":[{"href":"https:\/\/petrchutny.cz\/en\/wp-json\/wp\/v2\/media?parent=740"}],"wp:term":[{"taxonomy":"category","embeddable":true,"href":"https:\/\/petrchutny.cz\/en\/wp-json\/wp\/v2\/categories?post=740"},{"taxonomy":"post_tag","embeddable":true,"href":"https:\/\/petrchutny.cz\/en\/wp-json\/wp\/v2\/tags?post=740"}],"curies":[{"name":"wp","href":"https:\/\/api.w.org\/{rel}","templated":true}]}}