{"id":729,"date":"2025-08-07T09:13:37","date_gmt":"2025-08-07T09:13:37","guid":{"rendered":"https:\/\/petrchutny.cz\/?page_id=729"},"modified":"2025-12-03T11:56:17","modified_gmt":"2025-12-03T10:56:17","slug":"o-mne","status":"publish","type":"page","link":"https:\/\/petrchutny.cz\/en\/o-mne\/","title":{"rendered":"About me"},"content":{"rendered":"<div class=\"kb-row-layout-wrap kb-row-layout-id729_682274-55 alignnone wp-block-kadence-rowlayout\"><div class=\"kt-row-column-wrap kt-has-1-columns kt-row-layout-equal kt-tab-layout-inherit kt-mobile-layout-row kt-row-valign-top\">\n\n<div class=\"wp-block-kadence-column kadence-column729_547109-29\"><div class=\"kt-inside-inner-col\">\n<figure class=\"wp-block-kadence-image kb-image729_e0aefc-83 size-full\"><img decoding=\"async\" width=\"960\" height=\"958\" data-src=\"https:\/\/petrchutny.cz\/wp-content\/uploads\/2025\/08\/396126645_10221137699945798_5510170272040103148_n.jpeg\" alt=\"\" class=\"kb-img wp-image-730 lazyload\" data-srcset=\"https:\/\/petrchutny.cz\/wp-content\/uploads\/2025\/08\/396126645_10221137699945798_5510170272040103148_n.jpeg 960w, https:\/\/petrchutny.cz\/wp-content\/uploads\/2025\/08\/396126645_10221137699945798_5510170272040103148_n-300x300.jpeg 300w, https:\/\/petrchutny.cz\/wp-content\/uploads\/2025\/08\/396126645_10221137699945798_5510170272040103148_n-150x150.jpeg 150w, https:\/\/petrchutny.cz\/wp-content\/uploads\/2025\/08\/396126645_10221137699945798_5510170272040103148_n-768x766.jpeg 768w, https:\/\/petrchutny.cz\/wp-content\/uploads\/2025\/08\/396126645_10221137699945798_5510170272040103148_n-12x12.jpeg 12w\" data-sizes=\"(max-width: 960px) 100vw, 960px\" src=\"data:image\/svg+xml;base64,PHN2ZyB3aWR0aD0iMSIgaGVpZ2h0PSIxIiB4bWxucz0iaHR0cDovL3d3dy53My5vcmcvMjAwMC9zdmciPjwvc3ZnPg==\" style=\"--smush-placeholder-width: 960px; --smush-placeholder-aspect-ratio: 960\/958;\" \/><\/figure>\n\n\n\n<p>I see myself as a creative person. I get into the flow when I make something, that gives me a good feeling in the end \u2013 even it's tidying at my home.<\/p>\n\n\n\n<p>My older brother got me excited about design. I felt an inexhaustible desire in him to create things that impressed me, inspired me, and amused me. These \"things\" were not only aesthetically well-crafted, but also technically designed to function well.<\/p>\n\n\n\n<p>I have been engaged in digital creativity since I was 18 years old. It started with graphic design, followed by websites, and the technical part was added - coding, programming.<\/p>\n\n\n\n<p>I like to create <a href=\"https:\/\/petrchutny.cz\/en\/recepty\/\">in the kitchen<\/a>and ideally in the connection with people. It all begun with the cafe <a href=\"https:\/\/petrchutny.cz\/en\/cafe-dvorek\/\">Dvorek<\/a>, and continued with my food-design <a href=\"https:\/\/petrchutny.cz\/en\/tasty-food\/\">projects<\/a> until recently I have <a href=\"https:\/\/chutny.notion.site\/Va-en-Catering-8d5e340f1ac749b2bfc3cedf42527467?source=copy_link\" target=\"_blank\" rel=\"noopener noreferrer nofollow\">cooked<\/a> as a freelance chef. I connect <a href=\"https:\/\/petrchutny.cz\/en\/kuchari\/\">chefs<\/a>, and currently focus on design because we've been gifted with a new life \ud83d\udc76\ud83c\udffb<\/p>\n\n\n\n<p style=\"padding-right:0;padding-left:0\">Music is also a big theme in my life. It fulfills me, from 2022 she started to really heal me, it helps me release my emotions. I am constantly fulfilling my <a href=\"https:\/\/petrchutny.cz\/en\/zpevnik\/\">song book<\/a>, I like to currently play south america native indigenous music.  <\/p>\n\n\n\n<p><\/p>\n<\/div><\/div>\n\n<\/div><\/div>","protected":false},"excerpt":{"rendered":"<p>Pova\u017euju se za tvo\u0159iv\u00e9ho \u010dlov\u011bka. Dost\u00e1v\u00e1m se do flow kdy\u017e vytv\u00e1\u0159\u00edm n\u011bco, co mi ve v\u00fdsledku d\u00e1v\u00e1 dobr\u00fd pocit \u2013 i kdy\u017e je to t\u0159eba pokl\u00edzen\u00ed u sebe doma. Pro design m\u011b nadchnul m\u016fj star\u0161\u00ed bratr. C\u00edtil jsem z n\u011bj nevy\u010derpatelnou chu\u0165 tvo\u0159it v\u011bci kter\u00e9 na m\u011b d\u011blaly dojem, inspirovaly m\u011b, bavily m\u011b. Tyto &#8222;v\u011bci&#8220; [&hellip;]<\/p>\n","protected":false},"author":1,"featured_media":0,"parent":0,"menu_order":3,"comment_status":"closed","ping_status":"closed","template":"","meta":{"wds_primary_category":0,"footnotes":""},"categories":[],"tags":[],"class_list":["post-729","page","type-page","status-publish","hentry"],"_links":{"self":[{"href":"https:\/\/petrchutny.cz\/en\/wp-json\/wp\/v2\/pages\/729","targetHints":{"allow":["GET"]}}],"collection":[{"href":"https:\/\/petrchutny.cz\/en\/wp-json\/wp\/v2\/pages"}],"about":[{"href":"https:\/\/petrchutny.cz\/en\/wp-json\/wp\/v2\/types\/page"}],"author":[{"embeddable":true,"href":"https:\/\/petrchutny.cz\/en\/wp-json\/wp\/v2\/users\/1"}],"replies":[{"embeddable":true,"href":"https:\/\/petrchutny.cz\/en\/wp-json\/wp\/v2\/comments?post=729"}],"version-history":[{"count":6,"href":"https:\/\/petrchutny.cz\/en\/wp-json\/wp\/v2\/pages\/729\/revisions"}],"predecessor-version":[{"id":1121,"href":"https:\/\/petrchutny.cz\/en\/wp-json\/wp\/v2\/pages\/729\/revisions\/1121"}],"wp:attachment":[{"href":"https:\/\/petrchutny.cz\/en\/wp-json\/wp\/v2\/media?parent=729"}],"wp:term":[{"taxonomy":"category","embeddable":true,"href":"https:\/\/petrchutny.cz\/en\/wp-json\/wp\/v2\/categories?post=729"},{"taxonomy":"post_tag","embeddable":true,"href":"https:\/\/petrchutny.cz\/en\/wp-json\/wp\/v2\/tags?post=729"}],"curies":[{"name":"wp","href":"https:\/\/api.w.org\/{rel}","templated":true}]}}