{"id":352,"date":"2025-04-09T13:32:36","date_gmt":"2025-04-09T13:32:36","guid":{"rendered":"https:\/\/petrchutny.cz\/?page_id=352"},"modified":"2026-01-06T08:09:42","modified_gmt":"2026-01-06T07:09:42","slug":"zk-ucto-2","status":"publish","type":"page","link":"https:\/\/petrchutny.cz\/en\/zk-ucto\/","title":{"rendered":"ZK \u00da\u010dto"},"content":{"rendered":"<h3 class=\"wp-block-heading\">Zad\u00e1n\u00ed<\/h3>\n\n\n\n<p>ZK \u00da\u010dto je \u00fa\u010detn\u00ed firma Zuzky Zelinkov\u00e9. Poprosila m\u011b se sv\u00fdm kolegu\/synem o tvorbu loga, vizitek (tedy vizu\u00e1ln\u00ed identity) a webu. Prozradila mi \u017ee m\u00e1 r\u00e1da ko\u010dky \ud83d\udc08\u200d\u2b1b<\/p>\n\n\n\n<h3 class=\"wp-block-heading\">\u0158e\u0161en\u00ed<\/h3>\n\n\n\n<p>Navrhl jsem\u00a0<strong>jednoduch\u00e9, v\u00fdrazn\u00e9 logo<\/strong>, kter\u00e9 kombinuje p\u00edsmena \u201eZ\u201c a \u201eK\u201c.<\/p>\n\n\n\n<figure class=\"wp-block-image size-full\"><a href=\"https:\/\/petrchutny.cz\/wp-content\/uploads\/2025\/04\/ZK-Ucto-9.jpg\" data-lbwps-width=\"874\" data-lbwps-height=\"462\" data-lbwps-srcsmall=\"https:\/\/petrchutny.cz\/wp-content\/uploads\/2025\/04\/ZK-Ucto-9-18x10.jpg\"><img decoding=\"async\" width=\"874\" height=\"462\" data-src=\"https:\/\/petrchutny.cz\/wp-content\/uploads\/2025\/04\/ZK-Ucto-9.jpg\" alt=\"\" class=\"wp-image-360 lazyload\" data-srcset=\"https:\/\/petrchutny.cz\/wp-content\/uploads\/2025\/04\/ZK-Ucto-9.jpg 874w, https:\/\/petrchutny.cz\/wp-content\/uploads\/2025\/04\/ZK-Ucto-9-300x159.jpg 300w, https:\/\/petrchutny.cz\/wp-content\/uploads\/2025\/04\/ZK-Ucto-9-768x406.jpg 768w, https:\/\/petrchutny.cz\/wp-content\/uploads\/2025\/04\/ZK-Ucto-9-18x10.jpg 18w\" data-sizes=\"(max-width: 874px) 100vw, 874px\" src=\"data:image\/svg+xml;base64,PHN2ZyB3aWR0aD0iMSIgaGVpZ2h0PSIxIiB4bWxucz0iaHR0cDovL3d3dy53My5vcmcvMjAwMC9zdmciPjwvc3ZnPg==\" style=\"--smush-placeholder-width: 874px; --smush-placeholder-aspect-ratio: 874\/462;\" \/><\/a><\/figure>\n\n\n\n<p><br>K logu jsem vytvo\u0159il ilustrace dvou ko\u010dek, inspirovan\u00fdch \u201eWall Street\u201c \u00fa\u010detn\u00edmi \u2014 jedna zosob\u0148uje majitelku firmy (vyhl\u00ed\u017e\u00ed nov\u00e9 klienty), druh\u00e1 jej\u00edho kolegu (zam\u011b\u0159en na rutinn\u00ed pr\u00e1ci).<\/p>\n\n\n\n<p>Vytvo\u0159il jsem&nbsp;<strong>vizitky<\/strong>&nbsp;pro oba pracovn\u00edky s odli\u0161nou rol\u00ed (\u201eSenior\u201c a \u201eJunior\u201c) a sjednotil je s vizu\u00e1ln\u00edm stylem loga.<\/p>\n\n\n\n<figure class=\"wp-block-image size-large\"><a href=\"https:\/\/petrchutny.cz\/wp-content\/uploads\/2025\/04\/ZK-Ucto-2.jpg\" data-lbwps-width=\"3674\" data-lbwps-height=\"2592\" data-lbwps-srcsmall=\"https:\/\/petrchutny.cz\/wp-content\/uploads\/2025\/04\/ZK-Ucto-2-18x12.jpg\"><img decoding=\"async\" width=\"1024\" height=\"722\" data-src=\"https:\/\/petrchutny.cz\/wp-content\/uploads\/2025\/04\/ZK-Ucto-2-1024x722.jpg\" alt=\"\" class=\"wp-image-355 lazyload\" data-srcset=\"https:\/\/petrchutny.cz\/wp-content\/uploads\/2025\/04\/ZK-Ucto-2-1024x722.jpg 1024w, https:\/\/petrchutny.cz\/wp-content\/uploads\/2025\/04\/ZK-Ucto-2-300x212.jpg 300w, https:\/\/petrchutny.cz\/wp-content\/uploads\/2025\/04\/ZK-Ucto-2-768x542.jpg 768w, https:\/\/petrchutny.cz\/wp-content\/uploads\/2025\/04\/ZK-Ucto-2-1536x1084.jpg 1536w, https:\/\/petrchutny.cz\/wp-content\/uploads\/2025\/04\/ZK-Ucto-2-2048x1445.jpg 2048w, https:\/\/petrchutny.cz\/wp-content\/uploads\/2025\/04\/ZK-Ucto-2-18x12.jpg 18w, https:\/\/petrchutny.cz\/wp-content\/uploads\/2025\/04\/ZK-Ucto-2-scaled.jpg 2000w\" data-sizes=\"(max-width: 1024px) 100vw, 1024px\" src=\"data:image\/svg+xml;base64,PHN2ZyB3aWR0aD0iMSIgaGVpZ2h0PSIxIiB4bWxucz0iaHR0cDovL3d3dy53My5vcmcvMjAwMC9zdmciPjwvc3ZnPg==\" style=\"--smush-placeholder-width: 1024px; --smush-placeholder-aspect-ratio: 1024\/722;\" \/><\/a><figcaption class=\"wp-element-caption\">Vizitky pro Zuzanu a Kry\u0161tofa \u2013 Senior a pracuj\u00edc\u00ed junior<\/figcaption><\/figure>\n\n\n\n<p><br>Nak\u00f3doval jsem&nbsp;<strong>responzivn\u00ed web<\/strong>&nbsp;na WordPressu, kter\u00fd p\u0159ehledn\u011b prezentuje slu\u017eby, kontakty a umo\u017e\u0148uje jednoduchou zpr\u00e1vu klient\u016fm. Pou\u017eil jsem vektorov\u00e9 ilustrace, aby byly ostr\u00e9 na v\u0161ech za\u0159\u00edzen\u00edch, a zachoval prvky vizu\u00e1ln\u011b odkazuj\u00edc\u00ed na inspiraci ranou \u00e9rou Wall Street.<\/p>\n\n\n\n<figure class=\"wp-block-image size-large\"><a href=\"https:\/\/petrchutny.cz\/wp-content\/uploads\/2025\/04\/ZK-Ucto-4.jpg\" data-lbwps-width=\"2000\" data-lbwps-height=\"2181\" data-lbwps-srcsmall=\"https:\/\/petrchutny.cz\/wp-content\/uploads\/2025\/04\/ZK-Ucto-4-11x12.jpg\"><img decoding=\"async\" width=\"939\" height=\"1024\" data-src=\"https:\/\/petrchutny.cz\/wp-content\/uploads\/2025\/04\/ZK-Ucto-4-939x1024.jpg\" alt=\"\" class=\"wp-image-357 lazyload\" data-srcset=\"https:\/\/petrchutny.cz\/wp-content\/uploads\/2025\/04\/ZK-Ucto-4-939x1024.jpg 939w, https:\/\/petrchutny.cz\/wp-content\/uploads\/2025\/04\/ZK-Ucto-4-275x300.jpg 275w, https:\/\/petrchutny.cz\/wp-content\/uploads\/2025\/04\/ZK-Ucto-4-768x838.jpg 768w, https:\/\/petrchutny.cz\/wp-content\/uploads\/2025\/04\/ZK-Ucto-4-1409x1536.jpg 1409w, https:\/\/petrchutny.cz\/wp-content\/uploads\/2025\/04\/ZK-Ucto-4-1878x2048.jpg 1878w, https:\/\/petrchutny.cz\/wp-content\/uploads\/2025\/04\/ZK-Ucto-4-11x12.jpg 11w, https:\/\/petrchutny.cz\/wp-content\/uploads\/2025\/04\/ZK-Ucto-4-scaled.jpg 1834w\" data-sizes=\"(max-width: 939px) 100vw, 939px\" src=\"data:image\/svg+xml;base64,PHN2ZyB3aWR0aD0iMSIgaGVpZ2h0PSIxIiB4bWxucz0iaHR0cDovL3d3dy53My5vcmcvMjAwMC9zdmciPjwvc3ZnPg==\" style=\"--smush-placeholder-width: 939px; --smush-placeholder-aspect-ratio: 939\/1024;\" \/><\/a><\/figure>\n\n\n\n<p>Web se um\u00ed kvalitn\u011b p\u0159izp\u016fsobovat mobiln\u00edm za\u0159\u00edzen\u00edm. Pou\u017e\u00edv\u00e1 pouze vektorov\u00e9 obr\u00e1zky, kter\u00e9 z\u016fstanou ostr\u00e9 za ka\u017ed\u00fdch okolnost\u00ed.<\/p>\n\n\n\n<figure class=\"wp-block-image size-large\"><a href=\"https:\/\/petrchutny.cz\/wp-content\/uploads\/2025\/04\/ZK-Ucto-7.jpg\" data-lbwps-width=\"1920\" data-lbwps-height=\"1280\" data-lbwps-srcsmall=\"https:\/\/petrchutny.cz\/wp-content\/uploads\/2025\/04\/ZK-Ucto-7-18x12.jpg\"><img decoding=\"async\" width=\"1024\" height=\"683\" data-src=\"https:\/\/petrchutny.cz\/wp-content\/uploads\/2025\/04\/ZK-Ucto-7-1024x683.jpg\" alt=\"\" class=\"wp-image-359 lazyload\" data-srcset=\"https:\/\/petrchutny.cz\/wp-content\/uploads\/2025\/04\/ZK-Ucto-7-1024x683.jpg 1024w, https:\/\/petrchutny.cz\/wp-content\/uploads\/2025\/04\/ZK-Ucto-7-300x200.jpg 300w, https:\/\/petrchutny.cz\/wp-content\/uploads\/2025\/04\/ZK-Ucto-7-768x512.jpg 768w, https:\/\/petrchutny.cz\/wp-content\/uploads\/2025\/04\/ZK-Ucto-7-1536x1024.jpg 1536w, https:\/\/petrchutny.cz\/wp-content\/uploads\/2025\/04\/ZK-Ucto-7-18x12.jpg 18w, https:\/\/petrchutny.cz\/wp-content\/uploads\/2025\/04\/ZK-Ucto-7.jpg 1920w\" data-sizes=\"(max-width: 1024px) 100vw, 1024px\" src=\"data:image\/svg+xml;base64,PHN2ZyB3aWR0aD0iMSIgaGVpZ2h0PSIxIiB4bWxucz0iaHR0cDovL3d3dy53My5vcmcvMjAwMC9zdmciPjwvc3ZnPg==\" style=\"--smush-placeholder-width: 1024px; --smush-placeholder-aspect-ratio: 1024\/683;\" \/><\/a><\/figure>\n\n\n\n<h3 class=\"wp-block-heading\">Dopad<\/h3>\n\n\n\n<p>V\u00fdsledek m\u00e9 pr\u00e1ce p\u0159ed\u010dil Zuzanino o\u010dek\u00e1v\u00e1n\u00ed. Trochu j\u00ed p\u0159ekvapilo, \u017ee j\u00ed zn\u00e1m l\u00edp ne\u017e ona sebe \ud83d\ude04. Je r\u00e1da \u017ee mi nechala volnou ruku, a kdy\u017e n\u011bkomu p\u0159ed\u00e1v\u00e1 svou vizitku tak u toho m\u00e1 dobr\u00fd pocit. \ud83d\ude0a<\/p>\n\n\n\n<h3 class=\"wp-block-heading\">Moje role<\/h3>\n\n\n\n<ul class=\"wp-block-list\">\n<li>Tvorba vizu\u00e1ln\u00ed identity (Logo, ilustrace ko\u010dek &amp; koncept vizu\u00e1ln\u00edho stylu)<\/li>\n\n\n\n<li>Tvorba vizitek<\/li>\n\n\n\n<li>Tvorba jednoduch\u00e9ho a osobit\u00e9ho webu<\/li>\n<\/ul>","protected":false},"excerpt":{"rendered":"<p>Zad\u00e1n\u00ed ZK \u00da\u010dto je \u00fa\u010detn\u00ed firma Zuzky Zelinkov\u00e9. Poprosila m\u011b se sv\u00fdm kolegu\/synem o tvorbu loga, vizitek (tedy vizu\u00e1ln\u00ed identity) a webu. Prozradila mi \u017ee m\u00e1 r\u00e1da ko\u010dky \ud83d\udc08\u200d\u2b1b \u0158e\u0161en\u00ed Navrhl jsem\u00a0jednoduch\u00e9, v\u00fdrazn\u00e9 logo, kter\u00e9 kombinuje p\u00edsmena \u201eZ\u201c a \u201eK\u201c. K logu jsem vytvo\u0159il ilustrace dvou ko\u010dek, inspirovan\u00fdch \u201eWall Street\u201c \u00fa\u010detn\u00edmi \u2014 jedna zosob\u0148uje majitelku [&hellip;]<\/p>\n","protected":false},"author":1,"featured_media":0,"parent":0,"menu_order":23,"comment_status":"closed","ping_status":"closed","template":"projekt","meta":{"wds_primary_category":13,"footnotes":""},"categories":[13,9,15],"tags":[],"class_list":["post-352","page","type-page","status-publish","hentry","category-graficky-design","category-projekty","category-tvorba-webu"],"_links":{"self":[{"href":"https:\/\/petrchutny.cz\/en\/wp-json\/wp\/v2\/pages\/352","targetHints":{"allow":["GET"]}}],"collection":[{"href":"https:\/\/petrchutny.cz\/en\/wp-json\/wp\/v2\/pages"}],"about":[{"href":"https:\/\/petrchutny.cz\/en\/wp-json\/wp\/v2\/types\/page"}],"author":[{"embeddable":true,"href":"https:\/\/petrchutny.cz\/en\/wp-json\/wp\/v2\/users\/1"}],"replies":[{"embeddable":true,"href":"https:\/\/petrchutny.cz\/en\/wp-json\/wp\/v2\/comments?post=352"}],"version-history":[{"count":11,"href":"https:\/\/petrchutny.cz\/en\/wp-json\/wp\/v2\/pages\/352\/revisions"}],"predecessor-version":[{"id":1165,"href":"https:\/\/petrchutny.cz\/en\/wp-json\/wp\/v2\/pages\/352\/revisions\/1165"}],"wp:attachment":[{"href":"https:\/\/petrchutny.cz\/en\/wp-json\/wp\/v2\/media?parent=352"}],"wp:term":[{"taxonomy":"category","embeddable":true,"href":"https:\/\/petrchutny.cz\/en\/wp-json\/wp\/v2\/categories?post=352"},{"taxonomy":"post_tag","embeddable":true,"href":"https:\/\/petrchutny.cz\/en\/wp-json\/wp\/v2\/tags?post=352"}],"curies":[{"name":"wp","href":"https:\/\/api.w.org\/{rel}","templated":true}]}}