{"id":308,"date":"2025-04-04T07:50:49","date_gmt":"2025-04-04T07:50:49","guid":{"rendered":"https:\/\/petrchutny.cz\/?page_id=308"},"modified":"2025-12-09T13:30:50","modified_gmt":"2025-12-09T12:30:50","slug":"domaci-kvetinarstvi","status":"publish","type":"page","link":"https:\/\/petrchutny.cz\/en\/domaci-kvetinarstvi\/","title":{"rendered":"Dom\u00e1c\u00ed Kv\u011btin\u00e1\u0159stv\u00ed"},"content":{"rendered":"<p class=\"is-style-text-subtitle\">Visual identity and website for my passionate cousin, who loves to grow flowers and makes beautiful bouqets<\/p>\n\n\n\n<p>Barbara is a walking encyclopedia of flowers, trees &amp; anything that grows. She cares about growing flowers in the best, most respectful way. Her bouquets have accompanied multiple weddings and made many people smile.<\/p>\n\n\n\n<figure class=\"wp-block-image size-large\"><a href=\"https:\/\/petrchutny.cz\/wp-content\/uploads\/2025\/03\/Domaci-Kvetinarstvi-4.jpg\" data-lbwps-width=\"1600\" data-lbwps-height=\"915\" data-lbwps-srcsmall=\"https:\/\/petrchutny.cz\/wp-content\/uploads\/2025\/03\/Domaci-Kvetinarstvi-4.jpg\"><img decoding=\"async\" width=\"1024\" height=\"586\" data-src=\"https:\/\/petrchutny.cz\/wp-content\/uploads\/2025\/03\/Domaci-Kvetinarstvi-4-1024x586.jpg\" alt=\"\" class=\"wp-image-181 lazyload\" data-srcset=\"https:\/\/petrchutny.cz\/wp-content\/uploads\/2025\/03\/Domaci-Kvetinarstvi-4-1024x586.jpg 1024w, https:\/\/petrchutny.cz\/wp-content\/uploads\/2025\/03\/Domaci-Kvetinarstvi-4-300x172.jpg 300w, https:\/\/petrchutny.cz\/wp-content\/uploads\/2025\/03\/Domaci-Kvetinarstvi-4-768x439.jpg 768w, https:\/\/petrchutny.cz\/wp-content\/uploads\/2025\/03\/Domaci-Kvetinarstvi-4-1536x878.jpg 1536w, https:\/\/petrchutny.cz\/wp-content\/uploads\/2025\/03\/Domaci-Kvetinarstvi-4.jpg 1600w\" data-sizes=\"(max-width: 1024px) 100vw, 1024px\" src=\"data:image\/svg+xml;base64,PHN2ZyB3aWR0aD0iMSIgaGVpZ2h0PSIxIiB4bWxucz0iaHR0cDovL3d3dy53My5vcmcvMjAwMC9zdmciPjwvc3ZnPg==\" style=\"--smush-placeholder-width: 1024px; --smush-placeholder-aspect-ratio: 1024\/586;\" \/><\/a><figcaption class=\"wp-element-caption\">Logo for Barbara\u2019s flower shop<\/figcaption><\/figure>\n\n\n\n<figure class=\"wp-block-image size-large\"><a href=\"https:\/\/petrchutny.cz\/wp-content\/uploads\/2025\/03\/Domaci-Kvetinarstvi-3.jpg\" data-lbwps-width=\"2800\" data-lbwps-height=\"3203\" data-lbwps-srcsmall=\"https:\/\/petrchutny.cz\/wp-content\/uploads\/2025\/03\/Domaci-Kvetinarstvi-3.jpg\"><img decoding=\"async\" width=\"895\" height=\"1024\" data-src=\"https:\/\/petrchutny.cz\/wp-content\/uploads\/2025\/03\/Domaci-Kvetinarstvi-3-895x1024.jpg\" alt=\"\" class=\"wp-image-180 lazyload\" data-srcset=\"https:\/\/petrchutny.cz\/wp-content\/uploads\/2025\/03\/Domaci-Kvetinarstvi-3-895x1024.jpg 895w, https:\/\/petrchutny.cz\/wp-content\/uploads\/2025\/03\/Domaci-Kvetinarstvi-3-262x300.jpg 262w, https:\/\/petrchutny.cz\/wp-content\/uploads\/2025\/03\/Domaci-Kvetinarstvi-3-768x879.jpg 768w, https:\/\/petrchutny.cz\/wp-content\/uploads\/2025\/03\/Domaci-Kvetinarstvi-3-1343x1536.jpg 1343w, https:\/\/petrchutny.cz\/wp-content\/uploads\/2025\/03\/Domaci-Kvetinarstvi-3-1790x2048.jpg 1790w, https:\/\/petrchutny.cz\/wp-content\/uploads\/2025\/03\/Domaci-Kvetinarstvi-3-scaled.jpg 1748w\" data-sizes=\"(max-width: 895px) 100vw, 895px\" src=\"data:image\/svg+xml;base64,PHN2ZyB3aWR0aD0iMSIgaGVpZ2h0PSIxIiB4bWxucz0iaHR0cDovL3d3dy53My5vcmcvMjAwMC9zdmciPjwvc3ZnPg==\" style=\"--smush-placeholder-width: 895px; --smush-placeholder-aspect-ratio: 895\/1024;\" \/><\/a><figcaption class=\"wp-element-caption\">Website homepage<\/figcaption><\/figure>\n\n\n\n<p>Website\u00a0takes advantage of sharp and small-in-size vector graphics as well as strong fullscreen background photo of Barbara\u2019s flowers.<\/p>\n\n\n\n<div class=\"wp-block-group is-layout-grid wp-container-core-group-is-layout-b757edec wp-block-group-is-layout-grid\">\n<figure class=\"wp-block-image size-large\"><a href=\"https:\/\/petrchutny.cz\/wp-content\/uploads\/2025\/04\/4e295553-dc22-40b2-b421-32bb93fd5c0f_rw_1200.jpg\" data-lbwps-width=\"1068\" data-lbwps-height=\"2019\" data-lbwps-srcsmall=\"https:\/\/petrchutny.cz\/wp-content\/uploads\/2025\/04\/4e295553-dc22-40b2-b421-32bb93fd5c0f_rw_1200-6x12.jpg\"><img decoding=\"async\" width=\"542\" height=\"1024\" data-src=\"https:\/\/petrchutny.cz\/wp-content\/uploads\/2025\/04\/4e295553-dc22-40b2-b421-32bb93fd5c0f_rw_1200-542x1024.jpg\" alt=\"\" class=\"wp-image-311 lazyload\" data-srcset=\"https:\/\/petrchutny.cz\/wp-content\/uploads\/2025\/04\/4e295553-dc22-40b2-b421-32bb93fd5c0f_rw_1200-542x1024.jpg 542w, https:\/\/petrchutny.cz\/wp-content\/uploads\/2025\/04\/4e295553-dc22-40b2-b421-32bb93fd5c0f_rw_1200-159x300.jpg 159w, https:\/\/petrchutny.cz\/wp-content\/uploads\/2025\/04\/4e295553-dc22-40b2-b421-32bb93fd5c0f_rw_1200-768x1452.jpg 768w, https:\/\/petrchutny.cz\/wp-content\/uploads\/2025\/04\/4e295553-dc22-40b2-b421-32bb93fd5c0f_rw_1200-813x1536.jpg 813w, https:\/\/petrchutny.cz\/wp-content\/uploads\/2025\/04\/4e295553-dc22-40b2-b421-32bb93fd5c0f_rw_1200-6x12.jpg 6w, https:\/\/petrchutny.cz\/wp-content\/uploads\/2025\/04\/4e295553-dc22-40b2-b421-32bb93fd5c0f_rw_1200-scaled.jpg 1058w\" data-sizes=\"(max-width: 542px) 100vw, 542px\" src=\"data:image\/svg+xml;base64,PHN2ZyB3aWR0aD0iMSIgaGVpZ2h0PSIxIiB4bWxucz0iaHR0cDovL3d3dy53My5vcmcvMjAwMC9zdmciPjwvc3ZnPg==\" style=\"--smush-placeholder-width: 542px; --smush-placeholder-aspect-ratio: 542\/1024;\" \/><\/a><\/figure>\n\n\n\n<figure class=\"wp-block-image size-large\"><a href=\"https:\/\/petrchutny.cz\/wp-content\/uploads\/2025\/04\/4fa134b5-53e0-469b-bddf-dad4dc0666ec_rw_1200.jpg\" data-lbwps-width=\"1068\" data-lbwps-height=\"2019\" data-lbwps-srcsmall=\"https:\/\/petrchutny.cz\/wp-content\/uploads\/2025\/04\/4fa134b5-53e0-469b-bddf-dad4dc0666ec_rw_1200-6x12.jpg\"><img decoding=\"async\" width=\"542\" height=\"1024\" data-src=\"https:\/\/petrchutny.cz\/wp-content\/uploads\/2025\/04\/4fa134b5-53e0-469b-bddf-dad4dc0666ec_rw_1200-542x1024.jpg\" alt=\"\" class=\"wp-image-310 lazyload\" data-srcset=\"https:\/\/petrchutny.cz\/wp-content\/uploads\/2025\/04\/4fa134b5-53e0-469b-bddf-dad4dc0666ec_rw_1200-542x1024.jpg 542w, https:\/\/petrchutny.cz\/wp-content\/uploads\/2025\/04\/4fa134b5-53e0-469b-bddf-dad4dc0666ec_rw_1200-159x300.jpg 159w, https:\/\/petrchutny.cz\/wp-content\/uploads\/2025\/04\/4fa134b5-53e0-469b-bddf-dad4dc0666ec_rw_1200-768x1452.jpg 768w, https:\/\/petrchutny.cz\/wp-content\/uploads\/2025\/04\/4fa134b5-53e0-469b-bddf-dad4dc0666ec_rw_1200-813x1536.jpg 813w, https:\/\/petrchutny.cz\/wp-content\/uploads\/2025\/04\/4fa134b5-53e0-469b-bddf-dad4dc0666ec_rw_1200-6x12.jpg 6w, https:\/\/petrchutny.cz\/wp-content\/uploads\/2025\/04\/4fa134b5-53e0-469b-bddf-dad4dc0666ec_rw_1200-scaled.jpg 1058w\" data-sizes=\"(max-width: 542px) 100vw, 542px\" src=\"data:image\/svg+xml;base64,PHN2ZyB3aWR0aD0iMSIgaGVpZ2h0PSIxIiB4bWxucz0iaHR0cDovL3d3dy53My5vcmcvMjAwMC9zdmciPjwvc3ZnPg==\" style=\"--smush-placeholder-width: 542px; --smush-placeholder-aspect-ratio: 542\/1024;\" \/><\/a><\/figure>\n<\/div>\n\n\n\n<p>The website is responsive, so it adapts itself to tables, smartphones and other devices.<\/p>\n\n\n\n<figure class=\"wp-block-image size-large\"><a href=\"https:\/\/petrchutny.cz\/wp-content\/uploads\/2025\/03\/Domaci-Kvetinarstvi-7.jpg\" data-lbwps-width=\"1845\" data-lbwps-height=\"1243\" data-lbwps-srcsmall=\"https:\/\/petrchutny.cz\/wp-content\/uploads\/2025\/03\/Domaci-Kvetinarstvi-7.jpg\"><img decoding=\"async\" width=\"1024\" height=\"690\" data-src=\"https:\/\/petrchutny.cz\/wp-content\/uploads\/2025\/03\/Domaci-Kvetinarstvi-7-1024x690.jpg\" alt=\"\" class=\"wp-image-184 lazyload\" data-srcset=\"https:\/\/petrchutny.cz\/wp-content\/uploads\/2025\/03\/Domaci-Kvetinarstvi-7-1024x690.jpg 1024w, https:\/\/petrchutny.cz\/wp-content\/uploads\/2025\/03\/Domaci-Kvetinarstvi-7-300x202.jpg 300w, https:\/\/petrchutny.cz\/wp-content\/uploads\/2025\/03\/Domaci-Kvetinarstvi-7-768x517.jpg 768w, https:\/\/petrchutny.cz\/wp-content\/uploads\/2025\/03\/Domaci-Kvetinarstvi-7-1536x1035.jpg 1536w, https:\/\/petrchutny.cz\/wp-content\/uploads\/2025\/03\/Domaci-Kvetinarstvi-7.jpg 1845w\" data-sizes=\"(max-width: 1024px) 100vw, 1024px\" src=\"data:image\/svg+xml;base64,PHN2ZyB3aWR0aD0iMSIgaGVpZ2h0PSIxIiB4bWxucz0iaHR0cDovL3d3dy53My5vcmcvMjAwMC9zdmciPjwvc3ZnPg==\" style=\"--smush-placeholder-width: 1024px; --smush-placeholder-aspect-ratio: 1024\/690;\" \/><\/a><figcaption class=\"wp-element-caption\">Business cards, printed on a rough, recycled paper<\/figcaption><\/figure>\n\n\n\n<p>Barbara continued\u00a0with her florist journey for few years, reaching farmer\u2019s markets and exploring flowers unknown to Czech folk, to provide them with very exotic and properly grown beauty that our nature offers to us.<\/p>\n\n\n\n<figure class=\"wp-block-image size-large\"><a href=\"https:\/\/petrchutny.cz\/wp-content\/uploads\/2025\/03\/Domaci-Kvetinarstvi-1.jpg\" data-lbwps-width=\"1351\" data-lbwps-height=\"856\" data-lbwps-srcsmall=\"https:\/\/petrchutny.cz\/wp-content\/uploads\/2025\/03\/Domaci-Kvetinarstvi-1.jpg\"><img decoding=\"async\" width=\"1024\" height=\"649\" data-src=\"https:\/\/petrchutny.cz\/wp-content\/uploads\/2025\/03\/Domaci-Kvetinarstvi-1-1024x649.jpg\" alt=\"\" class=\"wp-image-178 lazyload\" data-srcset=\"https:\/\/petrchutny.cz\/wp-content\/uploads\/2025\/03\/Domaci-Kvetinarstvi-1-1024x649.jpg 1024w, https:\/\/petrchutny.cz\/wp-content\/uploads\/2025\/03\/Domaci-Kvetinarstvi-1-300x190.jpg 300w, https:\/\/petrchutny.cz\/wp-content\/uploads\/2025\/03\/Domaci-Kvetinarstvi-1-768x487.jpg 768w, https:\/\/petrchutny.cz\/wp-content\/uploads\/2025\/03\/Domaci-Kvetinarstvi-1.jpg 1351w\" data-sizes=\"(max-width: 1024px) 100vw, 1024px\" src=\"data:image\/svg+xml;base64,PHN2ZyB3aWR0aD0iMSIgaGVpZ2h0PSIxIiB4bWxucz0iaHR0cDovL3d3dy53My5vcmcvMjAwMC9zdmciPjwvc3ZnPg==\" style=\"--smush-placeholder-width: 1024px; --smush-placeholder-aspect-ratio: 1024\/649;\" \/><\/a><figcaption class=\"wp-element-caption\">Bouquet making table at Barbara\u2019s home<\/figcaption><\/figure>\n\n\n\n<figure class=\"wp-block-image size-large\"><a href=\"https:\/\/petrchutny.cz\/wp-content\/uploads\/2025\/03\/Domaci-Kvetinarstvi-6.jpg\" data-lbwps-width=\"2048\" data-lbwps-height=\"1365\" data-lbwps-srcsmall=\"https:\/\/petrchutny.cz\/wp-content\/uploads\/2025\/03\/Domaci-Kvetinarstvi-6.jpg\"><img decoding=\"async\" width=\"1024\" height=\"683\" data-src=\"https:\/\/petrchutny.cz\/wp-content\/uploads\/2025\/03\/Domaci-Kvetinarstvi-6-1024x683.jpg\" alt=\"\" class=\"wp-image-183 lazyload\" data-srcset=\"https:\/\/petrchutny.cz\/wp-content\/uploads\/2025\/03\/Domaci-Kvetinarstvi-6-1024x683.jpg 1024w, https:\/\/petrchutny.cz\/wp-content\/uploads\/2025\/03\/Domaci-Kvetinarstvi-6-300x200.jpg 300w, https:\/\/petrchutny.cz\/wp-content\/uploads\/2025\/03\/Domaci-Kvetinarstvi-6-768x512.jpg 768w, https:\/\/petrchutny.cz\/wp-content\/uploads\/2025\/03\/Domaci-Kvetinarstvi-6-1536x1024.jpg 1536w, https:\/\/petrchutny.cz\/wp-content\/uploads\/2025\/03\/Domaci-Kvetinarstvi-6.jpg 2048w\" data-sizes=\"(max-width: 1024px) 100vw, 1024px\" src=\"data:image\/svg+xml;base64,PHN2ZyB3aWR0aD0iMSIgaGVpZ2h0PSIxIiB4bWxucz0iaHR0cDovL3d3dy53My5vcmcvMjAwMC9zdmciPjwvc3ZnPg==\" style=\"--smush-placeholder-width: 1024px; --smush-placeholder-aspect-ratio: 1024\/683;\" \/><\/a><figcaption class=\"wp-element-caption\">Barbara in her element \ud83d\ude42<\/figcaption><\/figure>","protected":false},"excerpt":{"rendered":"<p>Visual identity and website for my passionate cousin, who loves to grow flowers and makes beautiful bouqets Barbara is a walking encyclopedia of flowers, trees &amp; anything that grows. She cares about growing flowers in the best, most respectful way. Her bouquets have accompanied multiple weddings and made many people smile. Website&nbsp;takes advantage of sharp [&hellip;]<\/p>\n","protected":false},"author":1,"featured_media":0,"parent":0,"menu_order":14,"comment_status":"closed","ping_status":"closed","template":"projekt","meta":{"wds_primary_category":0,"footnotes":""},"categories":[13,9,15],"tags":[],"class_list":["post-308","page","type-page","status-publish","hentry","category-graficky-design","category-projekty","category-tvorba-webu"],"_links":{"self":[{"href":"https:\/\/petrchutny.cz\/en\/wp-json\/wp\/v2\/pages\/308","targetHints":{"allow":["GET"]}}],"collection":[{"href":"https:\/\/petrchutny.cz\/en\/wp-json\/wp\/v2\/pages"}],"about":[{"href":"https:\/\/petrchutny.cz\/en\/wp-json\/wp\/v2\/types\/page"}],"author":[{"embeddable":true,"href":"https:\/\/petrchutny.cz\/en\/wp-json\/wp\/v2\/users\/1"}],"replies":[{"embeddable":true,"href":"https:\/\/petrchutny.cz\/en\/wp-json\/wp\/v2\/comments?post=308"}],"version-history":[{"count":5,"href":"https:\/\/petrchutny.cz\/en\/wp-json\/wp\/v2\/pages\/308\/revisions"}],"predecessor-version":[{"id":756,"href":"https:\/\/petrchutny.cz\/en\/wp-json\/wp\/v2\/pages\/308\/revisions\/756"}],"wp:attachment":[{"href":"https:\/\/petrchutny.cz\/en\/wp-json\/wp\/v2\/media?parent=308"}],"wp:term":[{"taxonomy":"category","embeddable":true,"href":"https:\/\/petrchutny.cz\/en\/wp-json\/wp\/v2\/categories?post=308"},{"taxonomy":"post_tag","embeddable":true,"href":"https:\/\/petrchutny.cz\/en\/wp-json\/wp\/v2\/tags?post=308"}],"curies":[{"name":"wp","href":"https:\/\/api.w.org\/{rel}","templated":true}]}}