{"id":280,"date":"2025-03-25T10:00:12","date_gmt":"2025-03-25T10:00:12","guid":{"rendered":"https:\/\/petrchutny.cz\/?page_id=280"},"modified":"2025-12-09T13:30:51","modified_gmt":"2025-12-09T12:30:51","slug":"jana-smuharova-2","status":"publish","type":"page","link":"https:\/\/petrchutny.cz\/en\/jana-smuharova\/","title":{"rendered":"Jana \u0160muha\u0159ov\u00e1"},"content":{"rendered":"<p class=\"is-style-text-subtitle\">A visual identity for my good friend Jana. It started with developing a logo from her signature, followed by unique foldable business cards cut by laser from thick paper, classic business cards and portfolio website.<\/p>\n\n\n\n<figure class=\"wp-block-image size-full\"><a href=\"https:\/\/petrchutny.cz\/wp-content\/uploads\/2025\/03\/Jana-Smuharova-18.png\" data-lbwps-width=\"700\" data-lbwps-height=\"500\" data-lbwps-srcsmall=\"https:\/\/petrchutny.cz\/wp-content\/uploads\/2025\/03\/Jana-Smuharova-18.png\"><img decoding=\"async\" width=\"700\" height=\"500\" data-src=\"https:\/\/petrchutny.cz\/wp-content\/uploads\/2025\/03\/Jana-Smuharova-18.png\" alt=\"\" class=\"wp-image-221 lazyload\" data-srcset=\"https:\/\/petrchutny.cz\/wp-content\/uploads\/2025\/03\/Jana-Smuharova-18.png 700w, https:\/\/petrchutny.cz\/wp-content\/uploads\/2025\/03\/Jana-Smuharova-18-300x214.png 300w\" data-sizes=\"(max-width: 700px) 100vw, 700px\" src=\"data:image\/svg+xml;base64,PHN2ZyB3aWR0aD0iMSIgaGVpZ2h0PSIxIiB4bWxucz0iaHR0cDovL3d3dy53My5vcmcvMjAwMC9zdmciPjwvc3ZnPg==\" style=\"--smush-placeholder-width: 700px; --smush-placeholder-aspect-ratio: 700\/500;\" \/><\/a><\/figure>\n\n\n\n<figure class=\"wp-block-image size-large\"><a href=\"https:\/\/petrchutny.cz\/wp-content\/uploads\/2025\/03\/Jana-Smuharova-12.png\" data-lbwps-width=\"1920\" data-lbwps-height=\"457\" data-lbwps-srcsmall=\"https:\/\/petrchutny.cz\/wp-content\/uploads\/2025\/03\/Jana-Smuharova-12.png\"><img decoding=\"async\" width=\"1024\" height=\"244\" data-src=\"https:\/\/petrchutny.cz\/wp-content\/uploads\/2025\/03\/Jana-Smuharova-12-1024x244.png\" alt=\"\" class=\"wp-image-218 lazyload\" data-srcset=\"https:\/\/petrchutny.cz\/wp-content\/uploads\/2025\/03\/Jana-Smuharova-12-1024x244.png 1024w, https:\/\/petrchutny.cz\/wp-content\/uploads\/2025\/03\/Jana-Smuharova-12-300x71.png 300w, https:\/\/petrchutny.cz\/wp-content\/uploads\/2025\/03\/Jana-Smuharova-12-768x183.png 768w, https:\/\/petrchutny.cz\/wp-content\/uploads\/2025\/03\/Jana-Smuharova-12-1536x366.png 1536w, https:\/\/petrchutny.cz\/wp-content\/uploads\/2025\/03\/Jana-Smuharova-12.png 1920w\" data-sizes=\"(max-width: 1024px) 100vw, 1024px\" src=\"data:image\/svg+xml;base64,PHN2ZyB3aWR0aD0iMSIgaGVpZ2h0PSIxIiB4bWxucz0iaHR0cDovL3d3dy53My5vcmcvMjAwMC9zdmciPjwvc3ZnPg==\" style=\"--smush-placeholder-width: 1024px; --smush-placeholder-aspect-ratio: 1024\/244;\" \/><\/a><figcaption class=\"wp-element-caption\">Logo of Jana\u2019s vectorised signature<\/figcaption><\/figure>\n\n\n\n<figure class=\"wp-block-image size-large\"><a href=\"https:\/\/petrchutny.cz\/wp-content\/uploads\/2025\/03\/Jana-Smuharova-1.jpg\" data-lbwps-width=\"3840\" data-lbwps-height=\"2560\" data-lbwps-srcsmall=\"https:\/\/petrchutny.cz\/wp-content\/uploads\/2025\/03\/Jana-Smuharova-1.jpg\"><img decoding=\"async\" width=\"1024\" height=\"683\" data-src=\"https:\/\/petrchutny.cz\/wp-content\/uploads\/2025\/03\/Jana-Smuharova-1-1024x683.jpg\" alt=\"\" class=\"wp-image-213 lazyload\" data-srcset=\"https:\/\/petrchutny.cz\/wp-content\/uploads\/2025\/03\/Jana-Smuharova-1-1024x683.jpg 1024w, https:\/\/petrchutny.cz\/wp-content\/uploads\/2025\/03\/Jana-Smuharova-1-300x200.jpg 300w, https:\/\/petrchutny.cz\/wp-content\/uploads\/2025\/03\/Jana-Smuharova-1-768x512.jpg 768w, https:\/\/petrchutny.cz\/wp-content\/uploads\/2025\/03\/Jana-Smuharova-1-1536x1024.jpg 1536w, https:\/\/petrchutny.cz\/wp-content\/uploads\/2025\/03\/Jana-Smuharova-1-2048x1365.jpg 2048w, https:\/\/petrchutny.cz\/wp-content\/uploads\/2025\/03\/Jana-Smuharova-1-scaled.jpg 2000w\" data-sizes=\"(max-width: 1024px) 100vw, 1024px\" src=\"data:image\/svg+xml;base64,PHN2ZyB3aWR0aD0iMSIgaGVpZ2h0PSIxIiB4bWxucz0iaHR0cDovL3d3dy53My5vcmcvMjAwMC9zdmciPjwvc3ZnPg==\" style=\"--smush-placeholder-width: 1024px; --smush-placeholder-aspect-ratio: 1024\/683;\" \/><\/a><\/figure>\n\n\n\n<figure class=\"wp-block-image size-large\"><a href=\"https:\/\/petrchutny.cz\/wp-content\/uploads\/2025\/03\/Jana-Smuharova-3.jpg\" data-lbwps-width=\"3840\" data-lbwps-height=\"2560\" data-lbwps-srcsmall=\"https:\/\/petrchutny.cz\/wp-content\/uploads\/2025\/03\/Jana-Smuharova-3.jpg\"><img decoding=\"async\" width=\"1024\" height=\"683\" data-src=\"https:\/\/petrchutny.cz\/wp-content\/uploads\/2025\/03\/Jana-Smuharova-3-1024x683.jpg\" alt=\"\" class=\"wp-image-214 lazyload\" data-srcset=\"https:\/\/petrchutny.cz\/wp-content\/uploads\/2025\/03\/Jana-Smuharova-3-1024x683.jpg 1024w, https:\/\/petrchutny.cz\/wp-content\/uploads\/2025\/03\/Jana-Smuharova-3-300x200.jpg 300w, https:\/\/petrchutny.cz\/wp-content\/uploads\/2025\/03\/Jana-Smuharova-3-768x512.jpg 768w, https:\/\/petrchutny.cz\/wp-content\/uploads\/2025\/03\/Jana-Smuharova-3-1536x1024.jpg 1536w, https:\/\/petrchutny.cz\/wp-content\/uploads\/2025\/03\/Jana-Smuharova-3-2048x1365.jpg 2048w, https:\/\/petrchutny.cz\/wp-content\/uploads\/2025\/03\/Jana-Smuharova-3-scaled.jpg 2000w\" data-sizes=\"(max-width: 1024px) 100vw, 1024px\" src=\"data:image\/svg+xml;base64,PHN2ZyB3aWR0aD0iMSIgaGVpZ2h0PSIxIiB4bWxucz0iaHR0cDovL3d3dy53My5vcmcvMjAwMC9zdmciPjwvc3ZnPg==\" style=\"--smush-placeholder-width: 1024px; --smush-placeholder-aspect-ratio: 1024\/683;\" \/><\/a><\/figure>\n\n\n\n<figure class=\"wp-block-image size-large\"><a href=\"https:\/\/petrchutny.cz\/wp-content\/uploads\/2025\/03\/Jana-Smuharova-7.jpg\" data-lbwps-width=\"3840\" data-lbwps-height=\"2560\" data-lbwps-srcsmall=\"https:\/\/petrchutny.cz\/wp-content\/uploads\/2025\/03\/Jana-Smuharova-7.jpg\"><img decoding=\"async\" width=\"1024\" height=\"683\" data-src=\"https:\/\/petrchutny.cz\/wp-content\/uploads\/2025\/03\/Jana-Smuharova-7-1024x683.jpg\" alt=\"\" class=\"wp-image-216 lazyload\" data-srcset=\"https:\/\/petrchutny.cz\/wp-content\/uploads\/2025\/03\/Jana-Smuharova-7-1024x683.jpg 1024w, https:\/\/petrchutny.cz\/wp-content\/uploads\/2025\/03\/Jana-Smuharova-7-300x200.jpg 300w, https:\/\/petrchutny.cz\/wp-content\/uploads\/2025\/03\/Jana-Smuharova-7-768x512.jpg 768w, https:\/\/petrchutny.cz\/wp-content\/uploads\/2025\/03\/Jana-Smuharova-7-1536x1024.jpg 1536w, https:\/\/petrchutny.cz\/wp-content\/uploads\/2025\/03\/Jana-Smuharova-7-2048x1365.jpg 2048w, https:\/\/petrchutny.cz\/wp-content\/uploads\/2025\/03\/Jana-Smuharova-7-scaled.jpg 2000w\" data-sizes=\"(max-width: 1024px) 100vw, 1024px\" src=\"data:image\/svg+xml;base64,PHN2ZyB3aWR0aD0iMSIgaGVpZ2h0PSIxIiB4bWxucz0iaHR0cDovL3d3dy53My5vcmcvMjAwMC9zdmciPjwvc3ZnPg==\" style=\"--smush-placeholder-width: 1024px; --smush-placeholder-aspect-ratio: 1024\/683;\" \/><\/a><figcaption class=\"wp-element-caption\">Heavy manufacture!<\/figcaption><\/figure>\n\n\n\n<figure class=\"wp-block-image size-large\"><a href=\"https:\/\/petrchutny.cz\/wp-content\/uploads\/2025\/03\/Jana-Smuharova-14.jpg\" data-lbwps-width=\"1920\" data-lbwps-height=\"1434\" data-lbwps-srcsmall=\"https:\/\/petrchutny.cz\/wp-content\/uploads\/2025\/03\/Jana-Smuharova-14.jpg\"><img decoding=\"async\" width=\"1024\" height=\"765\" data-src=\"https:\/\/petrchutny.cz\/wp-content\/uploads\/2025\/03\/Jana-Smuharova-14-1024x765.jpg\" alt=\"\" class=\"wp-image-219 lazyload\" data-srcset=\"https:\/\/petrchutny.cz\/wp-content\/uploads\/2025\/03\/Jana-Smuharova-14-1024x765.jpg 1024w, https:\/\/petrchutny.cz\/wp-content\/uploads\/2025\/03\/Jana-Smuharova-14-300x224.jpg 300w, https:\/\/petrchutny.cz\/wp-content\/uploads\/2025\/03\/Jana-Smuharova-14-768x574.jpg 768w, https:\/\/petrchutny.cz\/wp-content\/uploads\/2025\/03\/Jana-Smuharova-14-1536x1147.jpg 1536w, https:\/\/petrchutny.cz\/wp-content\/uploads\/2025\/03\/Jana-Smuharova-14.jpg 1920w\" data-sizes=\"(max-width: 1024px) 100vw, 1024px\" src=\"data:image\/svg+xml;base64,PHN2ZyB3aWR0aD0iMSIgaGVpZ2h0PSIxIiB4bWxucz0iaHR0cDovL3d3dy53My5vcmcvMjAwMC9zdmciPjwvc3ZnPg==\" style=\"--smush-placeholder-width: 1024px; --smush-placeholder-aspect-ratio: 1024\/765;\" \/><\/a><figcaption class=\"wp-element-caption\">Business card folded<\/figcaption><\/figure>\n\n\n\n<p>I\u2019ve also created the standard business cards with Jana\u2019s interior drawing on the back.<\/p>\n\n\n\n<figure class=\"wp-block-image size-large\"><a href=\"https:\/\/petrchutny.cz\/wp-content\/uploads\/2025\/03\/Jana-Smuharova-10.jpg\" data-lbwps-width=\"3840\" data-lbwps-height=\"2560\" data-lbwps-srcsmall=\"https:\/\/petrchutny.cz\/wp-content\/uploads\/2025\/03\/Jana-Smuharova-10.jpg\"><img decoding=\"async\" width=\"1024\" height=\"683\" data-src=\"https:\/\/petrchutny.cz\/wp-content\/uploads\/2025\/03\/Jana-Smuharova-10-1024x683.jpg\" alt=\"\" class=\"wp-image-217 lazyload\" data-srcset=\"https:\/\/petrchutny.cz\/wp-content\/uploads\/2025\/03\/Jana-Smuharova-10-1024x683.jpg 1024w, https:\/\/petrchutny.cz\/wp-content\/uploads\/2025\/03\/Jana-Smuharova-10-300x200.jpg 300w, https:\/\/petrchutny.cz\/wp-content\/uploads\/2025\/03\/Jana-Smuharova-10-768x512.jpg 768w, https:\/\/petrchutny.cz\/wp-content\/uploads\/2025\/03\/Jana-Smuharova-10-1536x1024.jpg 1536w, https:\/\/petrchutny.cz\/wp-content\/uploads\/2025\/03\/Jana-Smuharova-10-2048x1365.jpg 2048w, https:\/\/petrchutny.cz\/wp-content\/uploads\/2025\/03\/Jana-Smuharova-10-scaled.jpg 2000w\" data-sizes=\"(max-width: 1024px) 100vw, 1024px\" src=\"data:image\/svg+xml;base64,PHN2ZyB3aWR0aD0iMSIgaGVpZ2h0PSIxIiB4bWxucz0iaHR0cDovL3d3dy53My5vcmcvMjAwMC9zdmciPjwvc3ZnPg==\" style=\"--smush-placeholder-width: 1024px; --smush-placeholder-aspect-ratio: 1024\/683;\" \/><\/a><figcaption class=\"wp-element-caption\">Classical double-sided business card (since it takes time to produce the houses)<\/figcaption><\/figure>\n\n\n\n<figure class=\"wp-block-image size-large\"><a href=\"https:\/\/petrchutny.cz\/wp-content\/uploads\/2025\/03\/Jana-Smuharova-5.jpg\" data-lbwps-width=\"3840\" data-lbwps-height=\"2560\" data-lbwps-srcsmall=\"https:\/\/petrchutny.cz\/wp-content\/uploads\/2025\/03\/Jana-Smuharova-5.jpg\"><img decoding=\"async\" width=\"1024\" height=\"683\" data-src=\"https:\/\/petrchutny.cz\/wp-content\/uploads\/2025\/03\/Jana-Smuharova-5-1024x683.jpg\" alt=\"\" class=\"wp-image-215 lazyload\" data-srcset=\"https:\/\/petrchutny.cz\/wp-content\/uploads\/2025\/03\/Jana-Smuharova-5-1024x683.jpg 1024w, https:\/\/petrchutny.cz\/wp-content\/uploads\/2025\/03\/Jana-Smuharova-5-300x200.jpg 300w, https:\/\/petrchutny.cz\/wp-content\/uploads\/2025\/03\/Jana-Smuharova-5-768x512.jpg 768w, https:\/\/petrchutny.cz\/wp-content\/uploads\/2025\/03\/Jana-Smuharova-5-1536x1024.jpg 1536w, https:\/\/petrchutny.cz\/wp-content\/uploads\/2025\/03\/Jana-Smuharova-5-2048x1365.jpg 2048w, https:\/\/petrchutny.cz\/wp-content\/uploads\/2025\/03\/Jana-Smuharova-5-scaled.jpg 2000w\" data-sizes=\"(max-width: 1024px) 100vw, 1024px\" src=\"data:image\/svg+xml;base64,PHN2ZyB3aWR0aD0iMSIgaGVpZ2h0PSIxIiB4bWxucz0iaHR0cDovL3d3dy53My5vcmcvMjAwMC9zdmciPjwvc3ZnPg==\" style=\"--smush-placeholder-width: 1024px; --smush-placeholder-aspect-ratio: 1024\/683;\" \/><\/a><\/figure>\n\n\n\n<p>Website for Jana, build with Workality\u00a0theme for WordPress. It matches the colours and\u00a0uses\u00a0her interior drawing on the background.\u00a0See the website&nbsp;<a href=\"http:\/\/www.janasmuharova.com\/\" target=\"_blank\" rel=\"noreferrer noopener\">here<\/a>.<\/p>\n\n\n\n<figure class=\"wp-block-image size-large\"><a href=\"https:\/\/petrchutny.cz\/wp-content\/uploads\/2025\/03\/Jana-Smuharova-16.jpg\" data-lbwps-width=\"1116\" data-lbwps-height=\"1345\" data-lbwps-srcsmall=\"https:\/\/petrchutny.cz\/wp-content\/uploads\/2025\/03\/Jana-Smuharova-16.jpg\"><img decoding=\"async\" width=\"850\" height=\"1024\" data-src=\"https:\/\/petrchutny.cz\/wp-content\/uploads\/2025\/03\/Jana-Smuharova-16-850x1024.jpg\" alt=\"\" class=\"wp-image-220 lazyload\" data-srcset=\"https:\/\/petrchutny.cz\/wp-content\/uploads\/2025\/03\/Jana-Smuharova-16-850x1024.jpg 850w, https:\/\/petrchutny.cz\/wp-content\/uploads\/2025\/03\/Jana-Smuharova-16-249x300.jpg 249w, https:\/\/petrchutny.cz\/wp-content\/uploads\/2025\/03\/Jana-Smuharova-16-768x926.jpg 768w, https:\/\/petrchutny.cz\/wp-content\/uploads\/2025\/03\/Jana-Smuharova-16.jpg 1116w\" data-sizes=\"(max-width: 850px) 100vw, 850px\" src=\"data:image\/svg+xml;base64,PHN2ZyB3aWR0aD0iMSIgaGVpZ2h0PSIxIiB4bWxucz0iaHR0cDovL3d3dy53My5vcmcvMjAwMC9zdmciPjwvc3ZnPg==\" style=\"--smush-placeholder-width: 850px; --smush-placeholder-aspect-ratio: 850\/1024;\" \/><\/a><figcaption class=\"wp-element-caption\">WordPress portfolio website<\/figcaption><\/figure>\n\n\n\n<p>One more thing. I found this piece of newspaper on Jana\u2019s fridge 2 days after the degree show opening \ud83d\ude04 That\u2019s me and Jana on the left!<\/p>\n\n\n\n<figure class=\"wp-block-image size-large\"><a href=\"https:\/\/petrchutny.cz\/wp-content\/uploads\/2025\/03\/Jana-Smuharova-20.jpg\" data-lbwps-width=\"1920\" data-lbwps-height=\"1593\" data-lbwps-srcsmall=\"https:\/\/petrchutny.cz\/wp-content\/uploads\/2025\/03\/Jana-Smuharova-20.jpg\"><img decoding=\"async\" width=\"1024\" height=\"850\" data-src=\"https:\/\/petrchutny.cz\/wp-content\/uploads\/2025\/03\/Jana-Smuharova-20-1024x850.jpg\" alt=\"\" class=\"wp-image-222 lazyload\" data-srcset=\"https:\/\/petrchutny.cz\/wp-content\/uploads\/2025\/03\/Jana-Smuharova-20-1024x850.jpg 1024w, https:\/\/petrchutny.cz\/wp-content\/uploads\/2025\/03\/Jana-Smuharova-20-300x249.jpg 300w, https:\/\/petrchutny.cz\/wp-content\/uploads\/2025\/03\/Jana-Smuharova-20-768x637.jpg 768w, https:\/\/petrchutny.cz\/wp-content\/uploads\/2025\/03\/Jana-Smuharova-20-1536x1274.jpg 1536w, https:\/\/petrchutny.cz\/wp-content\/uploads\/2025\/03\/Jana-Smuharova-20.jpg 1920w\" data-sizes=\"(max-width: 1024px) 100vw, 1024px\" src=\"data:image\/svg+xml;base64,PHN2ZyB3aWR0aD0iMSIgaGVpZ2h0PSIxIiB4bWxucz0iaHR0cDovL3d3dy53My5vcmcvMjAwMC9zdmciPjwvc3ZnPg==\" style=\"--smush-placeholder-width: 1024px; --smush-placeholder-aspect-ratio: 1024\/850;\" \/><\/a><figcaption class=\"wp-element-caption\">Me and Jana being famous in Dundee\u2019s newspaper \ud83d\ude04<\/figcaption><\/figure>","protected":false},"excerpt":{"rendered":"<p>A visual identity for my good friend Jana. It started with developing a logo from her signature, followed by unique foldable business cards cut by laser from thick paper, classic business cards and portfolio website. I&#8217;ve also created the standard business cards with Jana&#8217;s interior drawing on the back. Website for Jana, build with Workality&nbsp;theme [&hellip;]<\/p>\n","protected":false},"author":1,"featured_media":0,"parent":0,"menu_order":16,"comment_status":"closed","ping_status":"closed","template":"projekt","meta":{"wds_primary_category":0,"footnotes":""},"categories":[13,9,15],"tags":[],"class_list":["post-280","page","type-page","status-publish","hentry","category-graficky-design","category-projekty","category-tvorba-webu"],"_links":{"self":[{"href":"https:\/\/petrchutny.cz\/en\/wp-json\/wp\/v2\/pages\/280","targetHints":{"allow":["GET"]}}],"collection":[{"href":"https:\/\/petrchutny.cz\/en\/wp-json\/wp\/v2\/pages"}],"about":[{"href":"https:\/\/petrchutny.cz\/en\/wp-json\/wp\/v2\/types\/page"}],"author":[{"embeddable":true,"href":"https:\/\/petrchutny.cz\/en\/wp-json\/wp\/v2\/users\/1"}],"replies":[{"embeddable":true,"href":"https:\/\/petrchutny.cz\/en\/wp-json\/wp\/v2\/comments?post=280"}],"version-history":[{"count":5,"href":"https:\/\/petrchutny.cz\/en\/wp-json\/wp\/v2\/pages\/280\/revisions"}],"predecessor-version":[{"id":759,"href":"https:\/\/petrchutny.cz\/en\/wp-json\/wp\/v2\/pages\/280\/revisions\/759"}],"wp:attachment":[{"href":"https:\/\/petrchutny.cz\/en\/wp-json\/wp\/v2\/media?parent=280"}],"wp:term":[{"taxonomy":"category","embeddable":true,"href":"https:\/\/petrchutny.cz\/en\/wp-json\/wp\/v2\/categories?post=280"},{"taxonomy":"post_tag","embeddable":true,"href":"https:\/\/petrchutny.cz\/en\/wp-json\/wp\/v2\/tags?post=280"}],"curies":[{"name":"wp","href":"https:\/\/api.w.org\/{rel}","templated":true}]}}