{"id":1170,"date":"2026-01-06T09:31:41","date_gmt":"2026-01-06T08:31:41","guid":{"rendered":"https:\/\/petrchutny.cz\/?page_id=1170"},"modified":"2026-01-06T09:31:41","modified_gmt":"2026-01-06T08:31:41","slug":"vizualni-a-webove-projekty","status":"publish","type":"page","link":"https:\/\/petrchutny.cz\/en\/vizualni-a-webove-projekty\/","title":{"rendered":"Vizu\u00e1ln\u00ed a webov\u00e9 projekty"},"content":{"rendered":"<div class=\"kb-gallery-wrap-id-1170_541849-cd alignwide alignwide wp-block-kadence-advancedgallery\"><ul class=\"kb-gallery-ul kb-gallery-non-static kb-gallery-type-grid kb-gallery-id-1170_541849-cd kb-gallery-caption-style-below kb-gallery-filter-none\" data-image-filter=\"none\" data-item-selector=\".kadence-blocks-gallery-item\" data-lightbox-caption=\"true\" data-columns-xxl=\"3\" data-columns-xl=\"3\" data-columns-md=\"3\" data-columns-sm=\"2\" data-columns-xs=\"1\" data-columns-ss=\"1\"><li class=\"kadence-blocks-gallery-item\"><div class=\"kadence-blocks-gallery-item-inner\"><figure class=\"kb-gallery-figure kb-gallery-item-has-link kadence-blocks-gallery-item-has-caption\"><a href=\"https:\/\/petrchutny.cz\/en\/domaci-kvetinarstvi\/\" class=\"kb-gallery-item-link\"  ><div class=\"kb-gal-image-radius\"><div class=\"kb-gallery-image-contain kadence-blocks-gallery-intrinsic kb-gallery-image-ratio-land43 kb-has-image-ratio-land43\" ><img decoding=\"async\" data-src=\"https:\/\/petrchutny.cz\/wp-content\/uploads\/2025\/03\/Bara-1024x801.jpg\" width=\"1024\" height=\"801\" alt=\"\" data-full-image=\"https:\/\/petrchutny.cz\/wp-content\/uploads\/2025\/03\/Bara.jpg\" data-light-image=\"https:\/\/petrchutny.cz\/wp-content\/uploads\/2025\/03\/Bara.jpg\" data-id=\"99\" class=\"wp-image-99 lazyload\" data-srcset=\"https:\/\/petrchutny.cz\/wp-content\/uploads\/2025\/03\/Bara-1024x801.jpg 1024w, https:\/\/petrchutny.cz\/wp-content\/uploads\/2025\/03\/Bara-300x235.jpg 300w, https:\/\/petrchutny.cz\/wp-content\/uploads\/2025\/03\/Bara-768x601.jpg 768w, https:\/\/petrchutny.cz\/wp-content\/uploads\/2025\/03\/Bara.jpg 1094w\" data-sizes=\"(max-width: 1024px) 100vw, 1024px\" src=\"data:image\/svg+xml;base64,PHN2ZyB3aWR0aD0iMSIgaGVpZ2h0PSIxIiB4bWxucz0iaHR0cDovL3d3dy53My5vcmcvMjAwMC9zdmciPjwvc3ZnPg==\" style=\"--smush-placeholder-width: 1024px; --smush-placeholder-aspect-ratio: 1024\/801;\" \/><\/div><\/div><div class=\"kadence-blocks-gallery-item__caption\">Dom\u00e1c\u00ed Kv\u011btin\u00e1\u0159stv\u00ed<\/div><\/a><\/figure><\/div><\/li><li class=\"kadence-blocks-gallery-item\"><div class=\"kadence-blocks-gallery-item-inner\"><figure class=\"kb-gallery-figure kb-gallery-item-has-link kadence-blocks-gallery-item-has-caption\"><a href=\"https:\/\/petrchutny.cz\/en\/inka\/\" class=\"kb-gallery-item-link\"  ><div class=\"kb-gal-image-radius\"><div class=\"kb-gallery-image-contain kadence-blocks-gallery-intrinsic kb-gallery-image-ratio-land43 kb-has-image-ratio-land43\" ><img decoding=\"async\" data-src=\"https:\/\/petrchutny.cz\/wp-content\/uploads\/2025\/03\/Inka.gif\" width=\"700\" height=\"547\" alt=\"\" data-full-image=\"https:\/\/petrchutny.cz\/wp-content\/uploads\/2025\/03\/Inka.gif\" data-light-image=\"https:\/\/petrchutny.cz\/wp-content\/uploads\/2025\/03\/Inka.gif\" data-id=\"159\" class=\"wp-image-159 lazyload\" src=\"data:image\/svg+xml;base64,PHN2ZyB3aWR0aD0iMSIgaGVpZ2h0PSIxIiB4bWxucz0iaHR0cDovL3d3dy53My5vcmcvMjAwMC9zdmciPjwvc3ZnPg==\" style=\"--smush-placeholder-width: 700px; --smush-placeholder-aspect-ratio: 700\/547;\" \/><\/div><\/div><div class=\"kadence-blocks-gallery-item__caption\">Inka<\/div><\/a><\/figure><\/div><\/li><li class=\"kadence-blocks-gallery-item\"><div class=\"kadence-blocks-gallery-item-inner\"><figure class=\"kb-gallery-figure kb-gallery-item-has-link kadence-blocks-gallery-item-has-caption\"><a href=\"https:\/\/petrchutny.cz\/en\/roberto-furmanek\/\" class=\"kb-gallery-item-link\"  ><div class=\"kb-gal-image-radius\"><div class=\"kb-gallery-image-contain kadence-blocks-gallery-intrinsic kb-gallery-image-ratio-land43 kb-has-image-ratio-land43\" ><img decoding=\"async\" data-src=\"https:\/\/petrchutny.cz\/wp-content\/uploads\/2025\/03\/Roberto-Furmanek.png\" width=\"799\" height=\"625\" alt=\"\" data-full-image=\"https:\/\/petrchutny.cz\/wp-content\/uploads\/2025\/03\/Roberto-Furmanek.png\" data-light-image=\"https:\/\/petrchutny.cz\/wp-content\/uploads\/2025\/03\/Roberto-Furmanek.png\" data-id=\"164\" class=\"wp-image-164 lazyload\" data-srcset=\"https:\/\/petrchutny.cz\/wp-content\/uploads\/2025\/03\/Roberto-Furmanek.png 799w, https:\/\/petrchutny.cz\/wp-content\/uploads\/2025\/03\/Roberto-Furmanek-300x235.png 300w, https:\/\/petrchutny.cz\/wp-content\/uploads\/2025\/03\/Roberto-Furmanek-768x601.png 768w\" data-sizes=\"(max-width: 799px) 100vw, 799px\" src=\"data:image\/svg+xml;base64,PHN2ZyB3aWR0aD0iMSIgaGVpZ2h0PSIxIiB4bWxucz0iaHR0cDovL3d3dy53My5vcmcvMjAwMC9zdmciPjwvc3ZnPg==\" style=\"--smush-placeholder-width: 799px; --smush-placeholder-aspect-ratio: 799\/625;\" \/><\/div><\/div><div class=\"kadence-blocks-gallery-item__caption\">Roberto Furmanek<\/div><\/a><\/figure><\/div><\/li><li class=\"kadence-blocks-gallery-item\"><div class=\"kadence-blocks-gallery-item-inner\"><figure class=\"kb-gallery-figure kb-gallery-item-has-link kadence-blocks-gallery-item-has-caption\"><a href=\"https:\/\/petrchutny.cz\/en\/michal-zagorski\/\" class=\"kb-gallery-item-link\"  ><div class=\"kb-gal-image-radius\"><div class=\"kb-gallery-image-contain kadence-blocks-gallery-intrinsic kb-gallery-image-ratio-land43 kb-has-image-ratio-land43\" ><img decoding=\"async\" data-src=\"https:\/\/petrchutny.cz\/wp-content\/uploads\/2025\/03\/Michal-Zagorski.jpg\" width=\"907\" height=\"710\" alt=\"\" data-full-image=\"https:\/\/petrchutny.cz\/wp-content\/uploads\/2025\/03\/Michal-Zagorski.jpg\" data-light-image=\"https:\/\/petrchutny.cz\/wp-content\/uploads\/2025\/03\/Michal-Zagorski.jpg\" data-id=\"162\" class=\"wp-image-162 lazyload\" data-srcset=\"https:\/\/petrchutny.cz\/wp-content\/uploads\/2025\/03\/Michal-Zagorski.jpg 907w, https:\/\/petrchutny.cz\/wp-content\/uploads\/2025\/03\/Michal-Zagorski-300x235.jpg 300w, https:\/\/petrchutny.cz\/wp-content\/uploads\/2025\/03\/Michal-Zagorski-768x601.jpg 768w\" data-sizes=\"(max-width: 907px) 100vw, 907px\" src=\"data:image\/svg+xml;base64,PHN2ZyB3aWR0aD0iMSIgaGVpZ2h0PSIxIiB4bWxucz0iaHR0cDovL3d3dy53My5vcmcvMjAwMC9zdmciPjwvc3ZnPg==\" style=\"--smush-placeholder-width: 907px; --smush-placeholder-aspect-ratio: 907\/710;\" \/><\/div><\/div><div class=\"kadence-blocks-gallery-item__caption\">Michal Zag\u00f3rski<\/div><\/a><\/figure><\/div><\/li><li class=\"kadence-blocks-gallery-item\"><div class=\"kadence-blocks-gallery-item-inner\"><figure class=\"kb-gallery-figure kb-gallery-item-has-link kadence-blocks-gallery-item-has-caption\"><a href=\"https:\/\/petrchutny.cz\/en\/tayside-tannery\/\" class=\"kb-gallery-item-link\"  ><div class=\"kb-gal-image-radius\"><div class=\"kb-gallery-image-contain kadence-blocks-gallery-intrinsic kb-gallery-image-ratio-land43 kb-has-image-ratio-land43\" ><img decoding=\"async\" data-src=\"https:\/\/petrchutny.cz\/wp-content\/uploads\/2025\/03\/Tayside-Tannery-1024x801.png\" width=\"1024\" height=\"801\" alt=\"\" data-full-image=\"https:\/\/petrchutny.cz\/wp-content\/uploads\/2025\/03\/Tayside-Tannery.png\" data-light-image=\"https:\/\/petrchutny.cz\/wp-content\/uploads\/2025\/03\/Tayside-Tannery.png\" data-id=\"166\" class=\"wp-image-166 lazyload\" data-srcset=\"https:\/\/petrchutny.cz\/wp-content\/uploads\/2025\/03\/Tayside-Tannery-1024x801.png 1024w, https:\/\/petrchutny.cz\/wp-content\/uploads\/2025\/03\/Tayside-Tannery-300x235.png 300w, https:\/\/petrchutny.cz\/wp-content\/uploads\/2025\/03\/Tayside-Tannery-768x601.png 768w, https:\/\/petrchutny.cz\/wp-content\/uploads\/2025\/03\/Tayside-Tannery.png 1076w\" data-sizes=\"(max-width: 1024px) 100vw, 1024px\" src=\"data:image\/svg+xml;base64,PHN2ZyB3aWR0aD0iMSIgaGVpZ2h0PSIxIiB4bWxucz0iaHR0cDovL3d3dy53My5vcmcvMjAwMC9zdmciPjwvc3ZnPg==\" style=\"--smush-placeholder-width: 1024px; --smush-placeholder-aspect-ratio: 1024\/801;\" \/><\/div><\/div><div class=\"kadence-blocks-gallery-item__caption\">Tayside Tannery<\/div><\/a><\/figure><\/div><\/li><\/ul><\/div>","protected":false},"excerpt":{"rendered":"","protected":false},"author":1,"featured_media":0,"parent":0,"menu_order":34,"comment_status":"closed","ping_status":"closed","template":"","meta":{"wds_primary_category":0,"footnotes":""},"categories":[],"tags":[],"class_list":["post-1170","page","type-page","status-publish","hentry"],"_links":{"self":[{"href":"https:\/\/petrchutny.cz\/en\/wp-json\/wp\/v2\/pages\/1170","targetHints":{"allow":["GET"]}}],"collection":[{"href":"https:\/\/petrchutny.cz\/en\/wp-json\/wp\/v2\/pages"}],"about":[{"href":"https:\/\/petrchutny.cz\/en\/wp-json\/wp\/v2\/types\/page"}],"author":[{"embeddable":true,"href":"https:\/\/petrchutny.cz\/en\/wp-json\/wp\/v2\/users\/1"}],"replies":[{"embeddable":true,"href":"https:\/\/petrchutny.cz\/en\/wp-json\/wp\/v2\/comments?post=1170"}],"version-history":[{"count":1,"href":"https:\/\/petrchutny.cz\/en\/wp-json\/wp\/v2\/pages\/1170\/revisions"}],"predecessor-version":[{"id":1171,"href":"https:\/\/petrchutny.cz\/en\/wp-json\/wp\/v2\/pages\/1170\/revisions\/1171"}],"wp:attachment":[{"href":"https:\/\/petrchutny.cz\/en\/wp-json\/wp\/v2\/media?parent=1170"}],"wp:term":[{"taxonomy":"category","embeddable":true,"href":"https:\/\/petrchutny.cz\/en\/wp-json\/wp\/v2\/categories?post=1170"},{"taxonomy":"post_tag","embeddable":true,"href":"https:\/\/petrchutny.cz\/en\/wp-json\/wp\/v2\/tags?post=1170"}],"curies":[{"name":"wp","href":"https:\/\/api.w.org\/{rel}","templated":true}]}}