{"id":1041,"date":"2025-12-02T15:44:31","date_gmt":"2025-12-02T14:44:31","guid":{"rendered":"https:\/\/petrchutny.cz\/?page_id=1041"},"modified":"2025-12-02T15:44:45","modified_gmt":"2025-12-02T14:44:45","slug":"zpevnik-pisne-zeme","status":"publish","type":"page","link":"https:\/\/petrchutny.cz\/en\/zpevnik-pisne-zeme\/","title":{"rendered":"Zp\u011bvn\u00edk P\u00edsn\u011b Zem\u011b"},"content":{"rendered":"<p>Pom\u00e1hal jsem <a href=\"https:\/\/sebastianprax.cz\" target=\"_blank\" rel=\"noopener noreferrer nofollow\">Sebastianu Praxovi<\/a> se 4. vyd\u00e1n\u00edm zp\u011bvn\u00edku, kde byl nejv\u00fdrazn\u011bj\u0161\u00ed p\u0159echod do pevn\u00e9 vazby V8, a p\u0159erod zdrojov\u00fdc dat z Wordu do profesion\u00e1ln\u00edho Adobe Indesignu.<\/p>\n\n\n\n<figure class=\"wp-block-kadence-image kb-image1041_9fea0a-7c size-large\"><a href=\"https:\/\/petrchutny.cz\/wp-content\/uploads\/2025\/12\/Pisne-Zeme-2.jpeg\" class=\"kb-advanced-image-link\" data-lbwps-width=\"2048\" data-lbwps-height=\"1536\" data-lbwps-srcsmall=\"https:\/\/petrchutny.cz\/wp-content\/uploads\/2025\/12\/Pisne-Zeme-2.jpeg\"><img decoding=\"async\" width=\"1024\" height=\"768\" data-src=\"https:\/\/petrchutny.cz\/wp-content\/uploads\/2025\/12\/Pisne-Zeme-2-1024x768.jpeg\" alt=\"\" class=\"kb-img wp-image-1044 lazyload\" data-srcset=\"https:\/\/petrchutny.cz\/wp-content\/uploads\/2025\/12\/Pisne-Zeme-2-1024x768.jpeg 1024w, https:\/\/petrchutny.cz\/wp-content\/uploads\/2025\/12\/Pisne-Zeme-2-300x225.jpeg 300w, https:\/\/petrchutny.cz\/wp-content\/uploads\/2025\/12\/Pisne-Zeme-2-768x576.jpeg 768w, https:\/\/petrchutny.cz\/wp-content\/uploads\/2025\/12\/Pisne-Zeme-2-1536x1152.jpeg 1536w, https:\/\/petrchutny.cz\/wp-content\/uploads\/2025\/12\/Pisne-Zeme-2-16x12.jpeg 16w, https:\/\/petrchutny.cz\/wp-content\/uploads\/2025\/12\/Pisne-Zeme-2.jpeg 2048w\" data-sizes=\"(max-width: 1024px) 100vw, 1024px\" src=\"data:image\/svg+xml;base64,PHN2ZyB3aWR0aD0iMSIgaGVpZ2h0PSIxIiB4bWxucz0iaHR0cDovL3d3dy53My5vcmcvMjAwMC9zdmciPjwvc3ZnPg==\" style=\"--smush-placeholder-width: 1024px; --smush-placeholder-aspect-ratio: 1024\/768;\" \/><\/a><figcaption>Moje pr\u00e1ce byla i vys\u00e1zet ob\u00e1lku &amp; doladit m\u00edrn\u011b ilustraci<\/figcaption><\/figure>\n\n\n\n<p>V\u00fdsledkem je zp\u011bvn\u00edk s uniformn\u011bj\u0161\u00ed typografi\u00ed, odsazov\u00e1n\u00edm, konzistentn\u011bj\u0161\u00edmi okraji, kvalitn\u011bj\u0161\u00edmi obr\u00e1zky (spoust\u011b z nich jsem upravoval kontrast i zvy\u0161oval rozli\u0161en\u00ed). Vnesl jsem tak\u00e9 do t\u00e9to spolupr\u00e1ce m\u00e9 osobn\u00ed post\u0159ehy z hran\u00ed a zp\u00edv\u00e1n\u00ed u ohn\u011b a pou\u017e\u00edv\u00e1n\u00ed podobn\u00fdch zp\u011bvn\u00edk\u016f.<\/p>\n\n\n\n<figure class=\"wp-block-kadence-image kb-image1041_d7b12d-02 size-large\"><a href=\"https:\/\/petrchutny.cz\/wp-content\/uploads\/2025\/12\/Pisne-Zeme-1.jpeg\" class=\"kb-advanced-image-link\" data-lbwps-width=\"2048\" data-lbwps-height=\"1536\" data-lbwps-srcsmall=\"https:\/\/petrchutny.cz\/wp-content\/uploads\/2025\/12\/Pisne-Zeme-1.jpeg\"><img decoding=\"async\" width=\"1024\" height=\"768\" data-src=\"https:\/\/petrchutny.cz\/wp-content\/uploads\/2025\/12\/Pisne-Zeme-1-1024x768.jpeg\" alt=\"\" class=\"kb-img wp-image-1043 lazyload\" data-srcset=\"https:\/\/petrchutny.cz\/wp-content\/uploads\/2025\/12\/Pisne-Zeme-1-1024x768.jpeg 1024w, https:\/\/petrchutny.cz\/wp-content\/uploads\/2025\/12\/Pisne-Zeme-1-300x225.jpeg 300w, https:\/\/petrchutny.cz\/wp-content\/uploads\/2025\/12\/Pisne-Zeme-1-768x576.jpeg 768w, https:\/\/petrchutny.cz\/wp-content\/uploads\/2025\/12\/Pisne-Zeme-1-1536x1152.jpeg 1536w, https:\/\/petrchutny.cz\/wp-content\/uploads\/2025\/12\/Pisne-Zeme-1-16x12.jpeg 16w, https:\/\/petrchutny.cz\/wp-content\/uploads\/2025\/12\/Pisne-Zeme-1.jpeg 2048w\" data-sizes=\"(max-width: 1024px) 100vw, 1024px\" src=\"data:image\/svg+xml;base64,PHN2ZyB3aWR0aD0iMSIgaGVpZ2h0PSIxIiB4bWxucz0iaHR0cDovL3d3dy53My5vcmcvMjAwMC9zdmciPjwvc3ZnPg==\" style=\"--smush-placeholder-width: 1024px; --smush-placeholder-aspect-ratio: 1024\/768;\" \/><\/a><figcaption>Ka\u017ed\u00e1 p\u00edse\u0148 vy\u017eadovala osobn\u00ed p\u0159\u00edstup ve v\u00edce ohledech \ud83d\ude42<\/figcaption><\/figure>\n\n\n\n<p>U\u017eite\u010dn\u00e9 uv\u011bdom\u011bn\u00ed je, \u017ee ka\u017ed\u00e1 p\u00edse\u0148 je unik\u00e1tn\u00ed a m\u00e1 unik\u00e1tn\u00ed typografick\u00fd &#8222;tvar&#8220; a nen\u00ed prost\u011b tak jednoduch\u00e9 ud\u011blat jeden s\u00e1zec\u00ed p\u0159\u00edstup pro v\u0161echny \u2013 je t\u0159eba se ka\u017ed\u00e9 p\u00edsni v\u011bnovat, a n\u011bkdy o\u017eelet to \u017ee konzistence v odsazen\u00edch a okraj\u00edch nen\u00ed v\u0161ude 100% \ud83d\ude42 Hlavn\u011b a\u0165 je 100% z\u00e1\u017eitek z hran\u00ed a a\u0165 je v\u0161e 100% \u010diteln\u00e9.<\/p>\n\n\n\n<figure class=\"wp-block-kadence-image kb-image1041_97da08-0f size-large\"><a href=\"https:\/\/petrchutny.cz\/wp-content\/uploads\/2025\/12\/Pisne-Zeme-4.jpeg\" class=\"kb-advanced-image-link\" data-lbwps-width=\"2048\" data-lbwps-height=\"1536\" data-lbwps-srcsmall=\"https:\/\/petrchutny.cz\/wp-content\/uploads\/2025\/12\/Pisne-Zeme-4.jpeg\"><img decoding=\"async\" width=\"1024\" height=\"768\" data-src=\"https:\/\/petrchutny.cz\/wp-content\/uploads\/2025\/12\/Pisne-Zeme-4-1024x768.jpeg\" alt=\"\" class=\"kb-img wp-image-1046 lazyload\" data-srcset=\"https:\/\/petrchutny.cz\/wp-content\/uploads\/2025\/12\/Pisne-Zeme-4-1024x768.jpeg 1024w, https:\/\/petrchutny.cz\/wp-content\/uploads\/2025\/12\/Pisne-Zeme-4-300x225.jpeg 300w, https:\/\/petrchutny.cz\/wp-content\/uploads\/2025\/12\/Pisne-Zeme-4-768x576.jpeg 768w, https:\/\/petrchutny.cz\/wp-content\/uploads\/2025\/12\/Pisne-Zeme-4-1536x1152.jpeg 1536w, https:\/\/petrchutny.cz\/wp-content\/uploads\/2025\/12\/Pisne-Zeme-4-16x12.jpeg 16w, https:\/\/petrchutny.cz\/wp-content\/uploads\/2025\/12\/Pisne-Zeme-4.jpeg 2048w\" data-sizes=\"(max-width: 1024px) 100vw, 1024px\" src=\"data:image\/svg+xml;base64,PHN2ZyB3aWR0aD0iMSIgaGVpZ2h0PSIxIiB4bWxucz0iaHR0cDovL3d3dy53My5vcmcvMjAwMC9zdmciPjwvc3ZnPg==\" style=\"--smush-placeholder-width: 1024px; --smush-placeholder-aspect-ratio: 1024\/768;\" \/><\/a><\/figure>\n\n\n\n<figure class=\"wp-block-kadence-image kb-image1041_5321a7-77\"><img alt=\"\" class=\"kb-img\"\/><\/figure>","protected":false},"excerpt":{"rendered":"<p>Pom\u00e1hal jsem Sebastianu Praxovi se 4. vyd\u00e1n\u00edm zp\u011bvn\u00edku, kde byl nejv\u00fdrazn\u011bj\u0161\u00ed p\u0159echod do pevn\u00e9 vazby V8, a p\u0159erod zdrojov\u00fdc dat z Wordu do profesion\u00e1ln\u00edho Adobe Indesignu. V\u00fdsledkem je zp\u011bvn\u00edk s uniformn\u011bj\u0161\u00ed typografi\u00ed, odsazov\u00e1n\u00edm, konzistentn\u011bj\u0161\u00edmi okraji, kvalitn\u011bj\u0161\u00edmi obr\u00e1zky (spoust\u011b z nich jsem upravoval kontrast i zvy\u0161oval rozli\u0161en\u00ed). Vnesl jsem tak\u00e9 do t\u00e9to spolupr\u00e1ce m\u00e9 osobn\u00ed post\u0159ehy [&hellip;]<\/p>\n","protected":false},"author":1,"featured_media":1044,"parent":0,"menu_order":33,"comment_status":"closed","ping_status":"closed","template":"","meta":{"wds_primary_category":13,"footnotes":""},"categories":[13,9],"tags":[],"class_list":["post-1041","page","type-page","status-publish","has-post-thumbnail","hentry","category-graficky-design","category-projekty"],"_links":{"self":[{"href":"https:\/\/petrchutny.cz\/en\/wp-json\/wp\/v2\/pages\/1041","targetHints":{"allow":["GET"]}}],"collection":[{"href":"https:\/\/petrchutny.cz\/en\/wp-json\/wp\/v2\/pages"}],"about":[{"href":"https:\/\/petrchutny.cz\/en\/wp-json\/wp\/v2\/types\/page"}],"author":[{"embeddable":true,"href":"https:\/\/petrchutny.cz\/en\/wp-json\/wp\/v2\/users\/1"}],"replies":[{"embeddable":true,"href":"https:\/\/petrchutny.cz\/en\/wp-json\/wp\/v2\/comments?post=1041"}],"version-history":[{"count":2,"href":"https:\/\/petrchutny.cz\/en\/wp-json\/wp\/v2\/pages\/1041\/revisions"}],"predecessor-version":[{"id":1054,"href":"https:\/\/petrchutny.cz\/en\/wp-json\/wp\/v2\/pages\/1041\/revisions\/1054"}],"wp:featuredmedia":[{"embeddable":true,"href":"https:\/\/petrchutny.cz\/en\/wp-json\/wp\/v2\/media\/1044"}],"wp:attachment":[{"href":"https:\/\/petrchutny.cz\/en\/wp-json\/wp\/v2\/media?parent=1041"}],"wp:term":[{"taxonomy":"category","embeddable":true,"href":"https:\/\/petrchutny.cz\/en\/wp-json\/wp\/v2\/categories?post=1041"},{"taxonomy":"post_tag","embeddable":true,"href":"https:\/\/petrchutny.cz\/en\/wp-json\/wp\/v2\/tags?post=1041"}],"curies":[{"name":"wp","href":"https:\/\/api.w.org\/{rel}","templated":true}]}}