{"id":1012,"date":"2025-12-01T17:45:10","date_gmt":"2025-12-01T16:45:10","guid":{"rendered":"https:\/\/petrchutny.cz\/?page_id=1012"},"modified":"2025-12-04T16:46:15","modified_gmt":"2025-12-04T15:46:15","slug":"butter-wynd-pottery","status":"publish","type":"page","link":"https:\/\/petrchutny.cz\/en\/butter-wynd-pottery\/","title":{"rendered":"Butter Wynd Pottery"},"content":{"rendered":"<p>Za keramickou d\u00edlnou Butter Wynd Pottery stoj\u00ed Sean Kingsley. Vn\u00edm\u00e1m ho jako v\u017edy n\u00e1pomocn\u00e9ho asistenta v d\u00edln\u00e1ch univerzity <a href=\"https:\/\/www.dundee.ac.uk\/djcad\" target=\"_blank\" rel=\"noreferrer noopener\">DJCAD<\/a> kde jsem studoval, s celo\u017eivotn\u00edm z\u00e1palem a v\u00e1\u0161n\u00ed pro keramiku z lok\u00e1ln\u011b z\u00edsk\u00e1n\u00e9 hl\u00edny. Bylo mi pot\u011b\u0161en\u00edm pro n\u011bj vytvo\u0159it web, na kter\u00e9m popisuje svoje procesy a prod\u00e1v\u00e1 sv\u00e1 keramick\u00e1 d\u00edla.<\/p>\n\n\n\n<p>\u017div\u00fd web najdete na adrese <a href=\"http:\/\/butterwyndpottery.co.uk\" target=\"_blank\" rel=\"noopener noreferrer nofollow\">butterwyndpottery.co.uk<\/a><\/p>\n\n\n\n<figure class=\"wp-block-kadence-image kb-image1012_f3755c-61 size-full\"><a href=\"https:\/\/petrchutny.cz\/wp-content\/uploads\/2025\/12\/Butter-Wynd-Pottery-Logo.jpg\" class=\"kb-advanced-image-link\" data-lbwps-width=\"1200\" data-lbwps-height=\"826\" data-lbwps-srcsmall=\"https:\/\/petrchutny.cz\/wp-content\/uploads\/2025\/12\/Butter-Wynd-Pottery-Logo-18x12.jpg\"><img decoding=\"async\" width=\"1200\" height=\"826\" data-src=\"https:\/\/petrchutny.cz\/wp-content\/uploads\/2025\/12\/Butter-Wynd-Pottery-Logo.jpg\" alt=\"\" class=\"kb-img wp-image-1019 lazyload\" data-srcset=\"https:\/\/petrchutny.cz\/wp-content\/uploads\/2025\/12\/Butter-Wynd-Pottery-Logo.jpg 1200w, https:\/\/petrchutny.cz\/wp-content\/uploads\/2025\/12\/Butter-Wynd-Pottery-Logo-300x207.jpg 300w, https:\/\/petrchutny.cz\/wp-content\/uploads\/2025\/12\/Butter-Wynd-Pottery-Logo-1024x705.jpg 1024w, https:\/\/petrchutny.cz\/wp-content\/uploads\/2025\/12\/Butter-Wynd-Pottery-Logo-768x529.jpg 768w, https:\/\/petrchutny.cz\/wp-content\/uploads\/2025\/12\/Butter-Wynd-Pottery-Logo-18x12.jpg 18w\" data-sizes=\"(max-width: 1200px) 100vw, 1200px\" src=\"data:image\/svg+xml;base64,PHN2ZyB3aWR0aD0iMSIgaGVpZ2h0PSIxIiB4bWxucz0iaHR0cDovL3d3dy53My5vcmcvMjAwMC9zdmciPjwvc3ZnPg==\" style=\"--smush-placeholder-width: 1200px; --smush-placeholder-aspect-ratio: 1200\/826;\" \/><\/a><figcaption>Logo Butter Wynd Pottery<\/figcaption><\/figure>\n\n\n\n<p>Pro web jsem nak\u00f3doval <a href=\"https:\/\/wordpress.org\" target=\"_blank\" rel=\"noopener noreferrer nofollow\">WordPress<\/a> \u0161ablonu na m\u00edru. Na hlavn\u00ed str\u00e1nce b\u011b\u017e\u00ed video Seana jak na kruhu z hl\u00edny n\u011bco vytv\u00e1\u0159\u00ed.<\/p>\n\n\n\n<figure class=\"wp-block-video\"><video height=\"1592\" style=\"aspect-ratio: 2038 \/ 1592;\" width=\"2038\" controls src=\"https:\/\/petrchutny.cz\/wp-content\/uploads\/2025\/12\/Butter-Wynd-Pottery-Homepage.mp4\"><\/video><\/figure>\n\n\n\n<p>Pro eshop jsme zvolili \u0159e\u0161en\u00ed <a href=\"https:\/\/www.ecwid.com\" target=\"_blank\" rel=\"noopener noreferrer nofollow\">ECWID<\/a>, s kter\u00fdm jsme oba spokojen\u00ed.<\/p>\n\n\n\n<figure class=\"wp-block-kadence-image kb-image1012_4424cd-21 size-large\"><a href=\"https:\/\/petrchutny.cz\/wp-content\/uploads\/2025\/12\/Butter-Wynd-Pottery-Website-Shop.png\" class=\"kb-advanced-image-link\" data-lbwps-width=\"2560\" data-lbwps-height=\"3544\" data-lbwps-srcsmall=\"https:\/\/petrchutny.cz\/wp-content\/uploads\/2025\/12\/Butter-Wynd-Pottery-Website-Shop-9x12.png\"><img decoding=\"async\" width=\"740\" height=\"1024\" data-src=\"https:\/\/petrchutny.cz\/wp-content\/uploads\/2025\/12\/Butter-Wynd-Pottery-Website-Shop-740x1024.png\" alt=\"\" class=\"kb-img wp-image-1014 lazyload\" data-srcset=\"https:\/\/petrchutny.cz\/wp-content\/uploads\/2025\/12\/Butter-Wynd-Pottery-Website-Shop-740x1024.png 740w, https:\/\/petrchutny.cz\/wp-content\/uploads\/2025\/12\/Butter-Wynd-Pottery-Website-Shop-217x300.png 217w, https:\/\/petrchutny.cz\/wp-content\/uploads\/2025\/12\/Butter-Wynd-Pottery-Website-Shop-768x1063.png 768w, https:\/\/petrchutny.cz\/wp-content\/uploads\/2025\/12\/Butter-Wynd-Pottery-Website-Shop-1110x1536.png 1110w, https:\/\/petrchutny.cz\/wp-content\/uploads\/2025\/12\/Butter-Wynd-Pottery-Website-Shop-1479x2048.png 1479w, https:\/\/petrchutny.cz\/wp-content\/uploads\/2025\/12\/Butter-Wynd-Pottery-Website-Shop-9x12.png 9w, https:\/\/petrchutny.cz\/wp-content\/uploads\/2025\/12\/Butter-Wynd-Pottery-Website-Shop-scaled.png 1445w\" data-sizes=\"(max-width: 740px) 100vw, 740px\" src=\"data:image\/svg+xml;base64,PHN2ZyB3aWR0aD0iMSIgaGVpZ2h0PSIxIiB4bWxucz0iaHR0cDovL3d3dy53My5vcmcvMjAwMC9zdmciPjwvc3ZnPg==\" style=\"--smush-placeholder-width: 740px; --smush-placeholder-aspect-ratio: 740\/1024;\" \/><\/a><figcaption>Str\u00e1nka s eshopem<\/figcaption><\/figure>\n\n\n\n<p>M\u00e1m r\u00e1d kdy\u017e jsou weby osobn\u00ed, a tak jsem vyzval Seana a\u0165 se vyfot\u00ed. Zahrnul do fotky i svou \u017eenu, kter\u00e1 na jeho keramick\u00e1 d\u00edla \u010dasto maluje (mimojin\u00e9 to byla m\u00e1 u\u010ditelka kreslen\u00ed \ud83d\ude01)<\/p>\n\n\n\n<figure class=\"wp-block-kadence-image kb-image1012_e35eb0-d5 size-large\"><a href=\"https:\/\/petrchutny.cz\/wp-content\/uploads\/2025\/12\/Butter-Wynd-Pottery-Website-About.png\" class=\"kb-advanced-image-link\" data-lbwps-width=\"2732\" data-lbwps-height=\"3351\" data-lbwps-srcsmall=\"https:\/\/petrchutny.cz\/wp-content\/uploads\/2025\/12\/Butter-Wynd-Pottery-Website-About-10x12.png\"><img decoding=\"async\" width=\"835\" height=\"1024\" data-src=\"https:\/\/petrchutny.cz\/wp-content\/uploads\/2025\/12\/Butter-Wynd-Pottery-Website-About-835x1024.png\" alt=\"\" class=\"kb-img wp-image-1016 lazyload\" data-srcset=\"https:\/\/petrchutny.cz\/wp-content\/uploads\/2025\/12\/Butter-Wynd-Pottery-Website-About-835x1024.png 835w, https:\/\/petrchutny.cz\/wp-content\/uploads\/2025\/12\/Butter-Wynd-Pottery-Website-About-245x300.png 245w, https:\/\/petrchutny.cz\/wp-content\/uploads\/2025\/12\/Butter-Wynd-Pottery-Website-About-768x942.png 768w, https:\/\/petrchutny.cz\/wp-content\/uploads\/2025\/12\/Butter-Wynd-Pottery-Website-About-1252x1536.png 1252w, https:\/\/petrchutny.cz\/wp-content\/uploads\/2025\/12\/Butter-Wynd-Pottery-Website-About-1670x2048.png 1670w, https:\/\/petrchutny.cz\/wp-content\/uploads\/2025\/12\/Butter-Wynd-Pottery-Website-About-10x12.png 10w, https:\/\/petrchutny.cz\/wp-content\/uploads\/2025\/12\/Butter-Wynd-Pottery-Website-About-scaled.png 1631w\" data-sizes=\"(max-width: 835px) 100vw, 835px\" src=\"data:image\/svg+xml;base64,PHN2ZyB3aWR0aD0iMSIgaGVpZ2h0PSIxIiB4bWxucz0iaHR0cDovL3d3dy53My5vcmcvMjAwMC9zdmciPjwvc3ZnPg==\" style=\"--smush-placeholder-width: 835px; --smush-placeholder-aspect-ratio: 835\/1024;\" \/><\/a><figcaption>Str\u00e1nka o Seanovi a Christine<\/figcaption><\/figure>\n\n\n\n<figure class=\"wp-block-kadence-image kb-image1012_61aa8d-33 size-large\"><a href=\"https:\/\/petrchutny.cz\/wp-content\/uploads\/2025\/12\/Butter-Wynd-Pottery-Website-Articles.png\" class=\"kb-advanced-image-link\" data-lbwps-width=\"2560\" data-lbwps-height=\"3552\" data-lbwps-srcsmall=\"https:\/\/petrchutny.cz\/wp-content\/uploads\/2025\/12\/Butter-Wynd-Pottery-Website-Articles-9x12.png\"><img decoding=\"async\" width=\"738\" height=\"1024\" data-src=\"https:\/\/petrchutny.cz\/wp-content\/uploads\/2025\/12\/Butter-Wynd-Pottery-Website-Articles-738x1024.png\" alt=\"\" class=\"kb-img wp-image-1015 lazyload\" data-srcset=\"https:\/\/petrchutny.cz\/wp-content\/uploads\/2025\/12\/Butter-Wynd-Pottery-Website-Articles-738x1024.png 738w, https:\/\/petrchutny.cz\/wp-content\/uploads\/2025\/12\/Butter-Wynd-Pottery-Website-Articles-216x300.png 216w, https:\/\/petrchutny.cz\/wp-content\/uploads\/2025\/12\/Butter-Wynd-Pottery-Website-Articles-768x1066.png 768w, https:\/\/petrchutny.cz\/wp-content\/uploads\/2025\/12\/Butter-Wynd-Pottery-Website-Articles-1107x1536.png 1107w, https:\/\/petrchutny.cz\/wp-content\/uploads\/2025\/12\/Butter-Wynd-Pottery-Website-Articles-1476x2048.png 1476w, https:\/\/petrchutny.cz\/wp-content\/uploads\/2025\/12\/Butter-Wynd-Pottery-Website-Articles-9x12.png 9w, https:\/\/petrchutny.cz\/wp-content\/uploads\/2025\/12\/Butter-Wynd-Pottery-Website-Articles-scaled.png 1441w\" data-sizes=\"(max-width: 738px) 100vw, 738px\" src=\"data:image\/svg+xml;base64,PHN2ZyB3aWR0aD0iMSIgaGVpZ2h0PSIxIiB4bWxucz0iaHR0cDovL3d3dy53My5vcmcvMjAwMC9zdmciPjwvc3ZnPg==\" style=\"--smush-placeholder-width: 738px; --smush-placeholder-aspect-ratio: 738\/1024;\" \/><\/a><figcaption>Str\u00e1nka s \u010dl\u00e1nky<\/figcaption><\/figure>\n\n\n\n<p>Web je samoz\u0159ejm\u011b navr\u017een tak, aby se p\u0159izp\u016fsoboval i mobiln\u00edm za\u0159\u00edzen\u00edm. Pod\u00edvejte se jak na n\u011bm vypadaj\u00ed.<\/p>\n\n\n<div class=\"kb-row-layout-wrap kb-row-layout-id1012_d2df9d-e9 alignnone wp-block-kadence-rowlayout\"><div class=\"kt-row-column-wrap kt-has-2-columns kt-row-layout-equal kt-tab-layout-inherit kt-mobile-layout-row kt-row-valign-top\">\n\n<div class=\"wp-block-kadence-column kadence-column1012_faa12a-2f\"><div class=\"kt-inside-inner-col\">\n<figure class=\"wp-block-kadence-image kb-image1012_037958-86 size-large\"><a href=\"https:\/\/petrchutny.cz\/wp-content\/uploads\/2025\/12\/Butter-Wynd-Pottery-Mobilni-4.png\" class=\"kb-advanced-image-link\" data-lbwps-width=\"2000\" data-lbwps-height=\"1500\" data-lbwps-srcsmall=\"https:\/\/petrchutny.cz\/wp-content\/uploads\/2025\/12\/Butter-Wynd-Pottery-Mobilni-4.png\"><img decoding=\"async\" width=\"1024\" height=\"768\" data-src=\"https:\/\/petrchutny.cz\/wp-content\/uploads\/2025\/12\/Butter-Wynd-Pottery-Mobilni-4-1024x768.png\" alt=\"\" class=\"kb-img wp-image-1025 lazyload\" data-srcset=\"https:\/\/petrchutny.cz\/wp-content\/uploads\/2025\/12\/Butter-Wynd-Pottery-Mobilni-4-1024x768.png 1024w, https:\/\/petrchutny.cz\/wp-content\/uploads\/2025\/12\/Butter-Wynd-Pottery-Mobilni-4-300x225.png 300w, https:\/\/petrchutny.cz\/wp-content\/uploads\/2025\/12\/Butter-Wynd-Pottery-Mobilni-4-768x576.png 768w, https:\/\/petrchutny.cz\/wp-content\/uploads\/2025\/12\/Butter-Wynd-Pottery-Mobilni-4-1536x1152.png 1536w, https:\/\/petrchutny.cz\/wp-content\/uploads\/2025\/12\/Butter-Wynd-Pottery-Mobilni-4-2048x1536.png 2048w, https:\/\/petrchutny.cz\/wp-content\/uploads\/2025\/12\/Butter-Wynd-Pottery-Mobilni-4-16x12.png 16w, https:\/\/petrchutny.cz\/wp-content\/uploads\/2025\/12\/Butter-Wynd-Pottery-Mobilni-4.png 2000w\" data-sizes=\"(max-width: 1024px) 100vw, 1024px\" src=\"data:image\/svg+xml;base64,PHN2ZyB3aWR0aD0iMSIgaGVpZ2h0PSIxIiB4bWxucz0iaHR0cDovL3d3dy53My5vcmcvMjAwMC9zdmciPjwvc3ZnPg==\" style=\"--smush-placeholder-width: 1024px; --smush-placeholder-aspect-ratio: 1024\/768;\" \/><\/a><figcaption>Mobiln\u00ed domovsk\u00e1 str\u00e1nka<\/figcaption><\/figure>\n<\/div><\/div>\n\n\n\n<div class=\"wp-block-kadence-column kadence-column1012_6bd7a9-09\"><div class=\"kt-inside-inner-col\">\n<figure class=\"wp-block-kadence-image kb-image1012_e84539-dd size-large\"><a href=\"https:\/\/petrchutny.cz\/wp-content\/uploads\/2025\/12\/Butter-Wynd-Pottery-Mobilni-2.png\" class=\"kb-advanced-image-link\" data-lbwps-width=\"2000\" data-lbwps-height=\"1500\" data-lbwps-srcsmall=\"https:\/\/petrchutny.cz\/wp-content\/uploads\/2025\/12\/Butter-Wynd-Pottery-Mobilni-2.png\"><img decoding=\"async\" width=\"1024\" height=\"768\" data-src=\"https:\/\/petrchutny.cz\/wp-content\/uploads\/2025\/12\/Butter-Wynd-Pottery-Mobilni-2-1024x768.png\" alt=\"\" class=\"kb-img wp-image-1027 lazyload\" data-srcset=\"https:\/\/petrchutny.cz\/wp-content\/uploads\/2025\/12\/Butter-Wynd-Pottery-Mobilni-2-1024x768.png 1024w, https:\/\/petrchutny.cz\/wp-content\/uploads\/2025\/12\/Butter-Wynd-Pottery-Mobilni-2-300x225.png 300w, https:\/\/petrchutny.cz\/wp-content\/uploads\/2025\/12\/Butter-Wynd-Pottery-Mobilni-2-768x576.png 768w, https:\/\/petrchutny.cz\/wp-content\/uploads\/2025\/12\/Butter-Wynd-Pottery-Mobilni-2-1536x1152.png 1536w, https:\/\/petrchutny.cz\/wp-content\/uploads\/2025\/12\/Butter-Wynd-Pottery-Mobilni-2-2048x1536.png 2048w, https:\/\/petrchutny.cz\/wp-content\/uploads\/2025\/12\/Butter-Wynd-Pottery-Mobilni-2-16x12.png 16w, https:\/\/petrchutny.cz\/wp-content\/uploads\/2025\/12\/Butter-Wynd-Pottery-Mobilni-2.png 2000w\" data-sizes=\"(max-width: 1024px) 100vw, 1024px\" src=\"data:image\/svg+xml;base64,PHN2ZyB3aWR0aD0iMSIgaGVpZ2h0PSIxIiB4bWxucz0iaHR0cDovL3d3dy53My5vcmcvMjAwMC9zdmciPjwvc3ZnPg==\" style=\"--smush-placeholder-width: 1024px; --smush-placeholder-aspect-ratio: 1024\/768;\" \/><\/a><figcaption>Mobiln\u00ed \u010dl\u00e1nky<\/figcaption><\/figure>\n<\/div><\/div>\n\n<\/div><\/div>\n\n<div class=\"kb-row-layout-wrap kb-row-layout-id1012_2c22ae-3a alignnone wp-block-kadence-rowlayout\"><div class=\"kt-row-column-wrap kt-has-2-columns kt-row-layout-equal kt-tab-layout-inherit kt-mobile-layout-row kt-row-valign-top\">\n\n<div class=\"wp-block-kadence-column kadence-column1012_49aa7c-44\"><div class=\"kt-inside-inner-col\">\n<figure class=\"wp-block-kadence-image kb-image1012_1424bb-20 size-large\"><a href=\"https:\/\/petrchutny.cz\/wp-content\/uploads\/2025\/12\/Butter-Wynd-Pottery-Mobilni-1.png\" class=\"kb-advanced-image-link\" data-lbwps-width=\"2000\" data-lbwps-height=\"1500\" data-lbwps-srcsmall=\"https:\/\/petrchutny.cz\/wp-content\/uploads\/2025\/12\/Butter-Wynd-Pottery-Mobilni-1.png\"><img decoding=\"async\" width=\"1024\" height=\"768\" data-src=\"https:\/\/petrchutny.cz\/wp-content\/uploads\/2025\/12\/Butter-Wynd-Pottery-Mobilni-1-1024x768.png\" alt=\"\" class=\"kb-img wp-image-1028 lazyload\" data-srcset=\"https:\/\/petrchutny.cz\/wp-content\/uploads\/2025\/12\/Butter-Wynd-Pottery-Mobilni-1-1024x768.png 1024w, https:\/\/petrchutny.cz\/wp-content\/uploads\/2025\/12\/Butter-Wynd-Pottery-Mobilni-1-300x225.png 300w, https:\/\/petrchutny.cz\/wp-content\/uploads\/2025\/12\/Butter-Wynd-Pottery-Mobilni-1-768x576.png 768w, https:\/\/petrchutny.cz\/wp-content\/uploads\/2025\/12\/Butter-Wynd-Pottery-Mobilni-1-1536x1152.png 1536w, https:\/\/petrchutny.cz\/wp-content\/uploads\/2025\/12\/Butter-Wynd-Pottery-Mobilni-1-2048x1536.png 2048w, https:\/\/petrchutny.cz\/wp-content\/uploads\/2025\/12\/Butter-Wynd-Pottery-Mobilni-1-16x12.png 16w, https:\/\/petrchutny.cz\/wp-content\/uploads\/2025\/12\/Butter-Wynd-Pottery-Mobilni-1.png 2000w\" data-sizes=\"(max-width: 1024px) 100vw, 1024px\" src=\"data:image\/svg+xml;base64,PHN2ZyB3aWR0aD0iMSIgaGVpZ2h0PSIxIiB4bWxucz0iaHR0cDovL3d3dy53My5vcmcvMjAwMC9zdmciPjwvc3ZnPg==\" style=\"--smush-placeholder-width: 1024px; --smush-placeholder-aspect-ratio: 1024\/768;\" \/><\/a><figcaption>Mobiln\u00ed zobrazen\u00ed produktu<\/figcaption><\/figure>\n<\/div><\/div>\n\n\n\n<div class=\"wp-block-kadence-column kadence-column1012_28012b-2c\"><div class=\"kt-inside-inner-col\">\n<figure class=\"wp-block-kadence-image kb-image1012_fec460-11 size-large\"><a href=\"https:\/\/petrchutny.cz\/wp-content\/uploads\/2025\/12\/Butter-Wynd-Pottery-Mobilni-3.png\" class=\"kb-advanced-image-link\" data-lbwps-width=\"2000\" data-lbwps-height=\"1500\" data-lbwps-srcsmall=\"https:\/\/petrchutny.cz\/wp-content\/uploads\/2025\/12\/Butter-Wynd-Pottery-Mobilni-3.png\"><img decoding=\"async\" width=\"1024\" height=\"768\" data-src=\"https:\/\/petrchutny.cz\/wp-content\/uploads\/2025\/12\/Butter-Wynd-Pottery-Mobilni-3-1024x768.png\" alt=\"\" class=\"kb-img wp-image-1026 lazyload\" data-srcset=\"https:\/\/petrchutny.cz\/wp-content\/uploads\/2025\/12\/Butter-Wynd-Pottery-Mobilni-3-1024x768.png 1024w, https:\/\/petrchutny.cz\/wp-content\/uploads\/2025\/12\/Butter-Wynd-Pottery-Mobilni-3-300x225.png 300w, https:\/\/petrchutny.cz\/wp-content\/uploads\/2025\/12\/Butter-Wynd-Pottery-Mobilni-3-768x576.png 768w, https:\/\/petrchutny.cz\/wp-content\/uploads\/2025\/12\/Butter-Wynd-Pottery-Mobilni-3-1536x1152.png 1536w, https:\/\/petrchutny.cz\/wp-content\/uploads\/2025\/12\/Butter-Wynd-Pottery-Mobilni-3-2048x1536.png 2048w, https:\/\/petrchutny.cz\/wp-content\/uploads\/2025\/12\/Butter-Wynd-Pottery-Mobilni-3-16x12.png 16w, https:\/\/petrchutny.cz\/wp-content\/uploads\/2025\/12\/Butter-Wynd-Pottery-Mobilni-3.png 2000w\" data-sizes=\"(max-width: 1024px) 100vw, 1024px\" src=\"data:image\/svg+xml;base64,PHN2ZyB3aWR0aD0iMSIgaGVpZ2h0PSIxIiB4bWxucz0iaHR0cDovL3d3dy53My5vcmcvMjAwMC9zdmciPjwvc3ZnPg==\" style=\"--smush-placeholder-width: 1024px; --smush-placeholder-aspect-ratio: 1024\/768;\" \/><\/a><figcaption>Mobiln\u00ed zobrazen\u00ed str\u00e1nky &#8222;O n\u00e1s&#8220;<\/figcaption><\/figure>\n<\/div><\/div>\n\n<\/div><\/div>","protected":false},"excerpt":{"rendered":"<p>Za keramickou d\u00edlnou Butter Wynd Pottery stoj\u00ed Sean Kingsley. Vn\u00edm\u00e1m ho jako v\u017edy n\u00e1pomocn\u00e9ho asistenta v d\u00edln\u00e1ch univerzity DJCAD kde jsem studoval, s celo\u017eivotn\u00edm z\u00e1palem a v\u00e1\u0161n\u00ed pro keramiku z lok\u00e1ln\u011b z\u00edsk\u00e1n\u00e9 hl\u00edny. Bylo mi pot\u011b\u0161en\u00edm pro n\u011bj vytvo\u0159it web, na kter\u00e9m popisuje svoje procesy a prod\u00e1v\u00e1 sv\u00e1 keramick\u00e1 d\u00edla. \u017div\u00fd web najdete na adrese [&hellip;]<\/p>\n","protected":false},"author":1,"featured_media":0,"parent":0,"menu_order":32,"comment_status":"closed","ping_status":"closed","template":"","meta":{"wds_primary_category":0,"footnotes":""},"categories":[],"tags":[],"class_list":["post-1012","page","type-page","status-publish","hentry"],"_links":{"self":[{"href":"https:\/\/petrchutny.cz\/en\/wp-json\/wp\/v2\/pages\/1012","targetHints":{"allow":["GET"]}}],"collection":[{"href":"https:\/\/petrchutny.cz\/en\/wp-json\/wp\/v2\/pages"}],"about":[{"href":"https:\/\/petrchutny.cz\/en\/wp-json\/wp\/v2\/types\/page"}],"author":[{"embeddable":true,"href":"https:\/\/petrchutny.cz\/en\/wp-json\/wp\/v2\/users\/1"}],"replies":[{"embeddable":true,"href":"https:\/\/petrchutny.cz\/en\/wp-json\/wp\/v2\/comments?post=1012"}],"version-history":[{"count":6,"href":"https:\/\/petrchutny.cz\/en\/wp-json\/wp\/v2\/pages\/1012\/revisions"}],"predecessor-version":[{"id":1138,"href":"https:\/\/petrchutny.cz\/en\/wp-json\/wp\/v2\/pages\/1012\/revisions\/1138"}],"wp:attachment":[{"href":"https:\/\/petrchutny.cz\/en\/wp-json\/wp\/v2\/media?parent=1012"}],"wp:term":[{"taxonomy":"category","embeddable":true,"href":"https:\/\/petrchutny.cz\/en\/wp-json\/wp\/v2\/categories?post=1012"},{"taxonomy":"post_tag","embeddable":true,"href":"https:\/\/petrchutny.cz\/en\/wp-json\/wp\/v2\/tags?post=1012"}],"curies":[{"name":"wp","href":"https:\/\/api.w.org\/{rel}","templated":true}]}}